{"id":565,"date":"2020-12-28T19:09:09","date_gmt":"2020-12-28T18:09:09","guid":{"rendered":"https:\/\/wp.sdr.sk\/?page_id=565"},"modified":"2025-06-04T15:56:16","modified_gmt":"2025-06-04T13:56:16","slug":"laicke-spolocenstvo-kongregacie","status":"publish","type":"page","link":"https:\/\/www.sdr.sk\/index.php\/laicke-spolocenstvo-kongregacie\/","title":{"rendered":"LAICK\u00c9 SPOLO\u010cENSTVO KONGREG\u00c1CIE"},"content":{"rendered":"\n<p>Druh\u00fd Vatik\u00e1nsky koncil hovor\u00ed, \u017ee spolupr\u00e1ca a v\u00fdmena darov je intenz\u00edvnej\u0161ia, ke\u010f skupiny laikov maj\u00fa v sile povolania svoj\u00edm vlastn\u00fdm sp\u00f4sobom &nbsp;\u00fa\u010das\u0165 na charizme a na poslan\u00ed in\u0161tit\u00fatu v strede tej istej duchovnej rodiny. Duchovn\u00e1 rodina Kongreg\u00e1cie Sestier Bo\u017esk\u00e9ho Vykupite\u013ea &nbsp;bola zalo\u017een\u00e1 v&nbsp;roku 1997 ako laick\u00e9 spolo\u010denstvo pri na\u0161ej Kongreg\u00e1cii, aby sme sa spolo\u010dne stali svedkami Bo\u017eej l\u00e1sky.<\/p>\n\n\n\n<h3 class=\"has-text-align-center\">AKO MA\u0164 \u00da\u010cAS\u0164 NA LAICKOM SPOLO\u010cENSTVE KONGREG\u00c1CIE?<\/h3>\n\n\n\n<p>Do duchovnej rodiny sestier Bo\u017esk\u00e9ho Vykupite\u013ea je srde\u010dne pozvan\u00e1 ka\u017ed\u00e1 dospel\u00e1 kres\u0165anka, ktor\u00e1<br>t\u00fa\u017ei tvori\u0165 \u017eiv\u00e9 spolo\u010denstvo v slu\u017ebe Vyk\u00fapenia. Prijatiu predch\u00e1dza trojmesa\u010dn\u00e1 sk\u00fasenos\u0165. Po\u010das tohto obdobia nech sa z\u00e1ujemkyne zozn\u00e1mia s\u00a0duchovnos\u0165ou a\u00a0cie\u013eom tejto duchovnej rodiny, z\u00fa\u010dast\u0148uj\u00fa sa jej modlitieb, charitat\u00edvnej \u010dinnosti a\u00a0maj\u00fa mo\u017enos\u0165 nav\u0161t\u00edvi\u0165 reho\u013en\u00e9 spolo\u010denstv\u00e1. Potom ozn\u00e1mia svoj z\u00e1mer vst\u00fapi\u0165 do tejto duchovnej rodiny. Nov\u00e9 \u010dlenky prij\u00edma na spolo\u010dnom modlitbovom stretnut\u00ed provinci\u00e1lna predstaven\u00e1. Zap\u00ed\u0161u sa do \u010dlenskej knihy, \u010d\u00edm z\u00edskavaj\u00fa \u00fa\u010das\u0165 na z\u00e1sluh\u00e1ch a\u00a0modlitb\u00e1ch celej Kongreg\u00e1cie.<\/p>\n\n\n\n<div class=\"wp-block-image\"><figure class=\"aligncenter size-full\"><img loading=\"lazy\" width=\"2560\" height=\"2560\" src=\"https:\/\/wp.sdr.sk\/wp-content\/uploads\/2020\/12\/laicke-spolocenstvo-scaled.jpg\" alt=\"\" class=\"wp-image-579\" srcset=\"https:\/\/www.sdr.sk\/wp-content\/uploads\/2020\/12\/laicke-spolocenstvo-scaled.jpg 2560w, https:\/\/www.sdr.sk\/wp-content\/uploads\/2020\/12\/laicke-spolocenstvo-300x300.jpg 300w, https:\/\/www.sdr.sk\/wp-content\/uploads\/2020\/12\/laicke-spolocenstvo-1024x1024.jpg 1024w, https:\/\/www.sdr.sk\/wp-content\/uploads\/2020\/12\/laicke-spolocenstvo-150x150.jpg 150w, https:\/\/www.sdr.sk\/wp-content\/uploads\/2020\/12\/laicke-spolocenstvo-1536x1536.jpg 1536w, https:\/\/www.sdr.sk\/wp-content\/uploads\/2020\/12\/laicke-spolocenstvo-2048x2048.jpg 2048w, https:\/\/www.sdr.sk\/wp-content\/uploads\/2020\/12\/laicke-spolocenstvo-400x400.jpg 400w\" sizes=\"(max-width: 2560px) 100vw, 2560px\" \/><\/figure><\/div>\n","protected":false},"excerpt":{"rendered":"<p>Druh\u00fd Vatik\u00e1nsky koncil hovor\u00ed, \u017ee spolupr\u00e1ca a v\u00fdmena darov je intenz\u00edvnej\u0161ia, ke\u010f skupiny laikov maj\u00fa v sile povolania svoj\u00edm vlastn\u00fdm<a class=\"read-more\" href=\"https:\/\/www.sdr.sk\/index.php\/laicke-spolocenstvo-kongregacie\/\"\/>\u010c\u00edta\u0165 \u010falej<\/a><\/p>\n","protected":false},"author":1,"featured_media":0,"parent":0,"menu_order":0,"comment_status":"closed","ping_status":"closed","template":"page-templates\/template_nosidebar.php","meta":[],"_links":{"self":[{"href":"https:\/\/www.sdr.sk\/index.php\/wp-json\/wp\/v2\/pages\/565"}],"collection":[{"href":"https:\/\/www.sdr.sk\/index.php\/wp-json\/wp\/v2\/pages"}],"about":[{"href":"https:\/\/www.sdr.sk\/index.php\/wp-json\/wp\/v2\/types\/page"}],"author":[{"embeddable":true,"href":"https:\/\/www.sdr.sk\/index.php\/wp-json\/wp\/v2\/users\/1"}],"replies":[{"embeddable":true,"href":"https:\/\/www.sdr.sk\/index.php\/wp-json\/wp\/v2\/comments?post=565"}],"version-history":[{"count":5,"href":"https:\/\/www.sdr.sk\/index.php\/wp-json\/wp\/v2\/pages\/565\/revisions"}],"predecessor-version":[{"id":2504,"href":"https:\/\/www.sdr.sk\/index.php\/wp-json\/wp\/v2\/pages\/565\/revisions\/2504"}],"wp:attachment":[{"href":"https:\/\/www.sdr.sk\/index.php\/wp-json\/wp\/v2\/media?parent=565"}],"curies":[{"name":"wp","href":"https:\/\/api.w.org\/{rel}","templated":true}]}}