{"id":465,"date":"2020-12-22T12:01:20","date_gmt":"2020-12-22T11:01:20","guid":{"rendered":"https:\/\/wp.sdr.sk\/?page_id=465"},"modified":"2020-12-22T12:02:56","modified_gmt":"2020-12-22T11:02:56","slug":"apostolat-modlitby","status":"publish","type":"page","link":"https:\/\/www.sdr.sk\/index.php\/apostolat-modlitby\/","title":{"rendered":"APO\u0160TOL\u00c1T MODLITBY"},"content":{"rendered":"\n<p>\u201eModlitba, \u010di to vieme, alebo nie, je stretnutie Bo\u017eieho sm\u00e4du s\u00a0na\u0161\u00edm sm\u00e4dom. Boh m\u00e1 sm\u00e4d po\u00a0tom, aby sme mali sm\u00e4d po \u0148om.\u201c (sv. August\u00edn) \u00a0Na\u0161im vz\u00e1cnym darom s\u00fa na\u0161e star\u0161ie spolusestry. Im patr\u00ed prim\u00e1t apo\u0161tol\u00e1tu modlitby. Ony denne prich\u00e1dzaj\u00fa na \u201eokraj studne\u201c \u00a0h\u013eada\u0165 vodu pre ka\u017ed\u00e9ho, kto sm\u00e4d\u00ed po Bohu &#8211; po jeho l\u00e1ske, pomoci, bl\u00edzkosti\u2026 Prich\u00e1dzaj\u00fa ku Kristovi, ktor\u00fd je prame\u0148om \u017eivej vody, prame\u0148om sp\u00e1sy a\u00a0vyprosuj\u00fa ju v\u0161etk\u00fdm, ktor\u00ed po nej sm\u00e4dia, ba aj t\u00fdm, ktor\u00ed o nej ni\u010d netu\u0161ia.<br>\u00a0\u201eModlite sa \u010dasto za obr\u00e1tenie hrie\u0161nikov, modlite sa s\u00a0d\u00f4verou. Boh neodmietne va\u0161e prosby. Boh si<br>v\u00e1s vyvolil za n\u00e1stroje na obr\u00e1tenie hrie\u0161nikov; \u010fakujte mu za t\u00fato milos\u0165, ktor\u00fa ste si nezasl\u00fa\u017eili.\u00a0Bohu nie je ni\u010d mil\u0161ie ne\u017e modlitby, pr\u00e1ce, utrpenia a\u00a0sebazaprenia obetovan\u00e9 za du\u0161e, ktor\u00e9 vyk\u00fapil svojou krvou. Pokra\u010dujte v\u00a0modlitbe za obr\u00e1tenie hrie\u0161nikov, odpor\u00fa\u010dajte ich predov\u0161etk\u00fdm Bo\u017eej Matke. Va\u0161e modlitby bud\u00fa vysly\u0161an\u00e9.\u201c (bl. Alfonza M\u00e1ria)<\/p>\n\n\n\n<figure class=\"wp-block-gallery columns-3 is-cropped\"><ul class=\"blocks-gallery-grid\"><li class=\"blocks-gallery-item\"><figure><a href=\"https:\/\/wp.sdr.sk\/wp-content\/uploads\/2020\/12\/01-apostolat-modlitby-1024x1024.jpg\"><img loading=\"lazy\" width=\"1024\" height=\"1024\" src=\"https:\/\/wp.sdr.sk\/wp-content\/uploads\/2020\/12\/01-apostolat-modlitby-1024x1024.jpg\" alt=\"\" data-id=\"467\" data-link=\"https:\/\/wp.sdr.sk\/index.php\/apostolat-modlitby\/01-apostolat-modlitby\/\" class=\"wp-image-467\" srcset=\"https:\/\/www.sdr.sk\/wp-content\/uploads\/2020\/12\/01-apostolat-modlitby-1024x1024.jpg 1024w, https:\/\/www.sdr.sk\/wp-content\/uploads\/2020\/12\/01-apostolat-modlitby-300x300.jpg 300w, https:\/\/www.sdr.sk\/wp-content\/uploads\/2020\/12\/01-apostolat-modlitby-150x150.jpg 150w, https:\/\/www.sdr.sk\/wp-content\/uploads\/2020\/12\/01-apostolat-modlitby-1536x1536.jpg 1536w, https:\/\/www.sdr.sk\/wp-content\/uploads\/2020\/12\/01-apostolat-modlitby-2048x2048.jpg 2048w, https:\/\/www.sdr.sk\/wp-content\/uploads\/2020\/12\/01-apostolat-modlitby-400x400.jpg 400w\" sizes=\"(max-width: 1024px) 100vw, 1024px\" \/><\/a><\/figure><\/li><li class=\"blocks-gallery-item\"><figure><a href=\"https:\/\/wp.sdr.sk\/wp-content\/uploads\/2020\/12\/03-apostolat-modlitby-1024x1024.jpg\"><img loading=\"lazy\" width=\"1024\" height=\"1024\" src=\"https:\/\/wp.sdr.sk\/wp-content\/uploads\/2020\/12\/03-apostolat-modlitby-1024x1024.jpg\" alt=\"\" data-id=\"470\" data-link=\"https:\/\/wp.sdr.sk\/index.php\/apostolat-modlitby\/03-apostolat-modlitby\/\" class=\"wp-image-470\" srcset=\"https:\/\/www.sdr.sk\/wp-content\/uploads\/2020\/12\/03-apostolat-modlitby-1024x1024.jpg 1024w, https:\/\/www.sdr.sk\/wp-content\/uploads\/2020\/12\/03-apostolat-modlitby-300x300.jpg 300w, https:\/\/www.sdr.sk\/wp-content\/uploads\/2020\/12\/03-apostolat-modlitby-150x150.jpg 150w, https:\/\/www.sdr.sk\/wp-content\/uploads\/2020\/12\/03-apostolat-modlitby-1536x1536.jpg 1536w, https:\/\/www.sdr.sk\/wp-content\/uploads\/2020\/12\/03-apostolat-modlitby-2048x2048.jpg 2048w, https:\/\/www.sdr.sk\/wp-content\/uploads\/2020\/12\/03-apostolat-modlitby-400x400.jpg 400w\" sizes=\"(max-width: 1024px) 100vw, 1024px\" \/><\/a><\/figure><\/li><li class=\"blocks-gallery-item\"><figure><a href=\"https:\/\/wp.sdr.sk\/wp-content\/uploads\/2020\/12\/02-apostolat-modlitby-scaled.jpg\"><img loading=\"lazy\" width=\"1024\" height=\"1024\" src=\"https:\/\/wp.sdr.sk\/wp-content\/uploads\/2020\/12\/02-apostolat-modlitby-1024x1024.jpg\" alt=\"\" data-id=\"471\" data-full-url=\"https:\/\/wp.sdr.sk\/wp-content\/uploads\/2020\/12\/02-apostolat-modlitby-scaled.jpg\" data-link=\"https:\/\/wp.sdr.sk\/index.php\/apostolat-modlitby\/02-apostolat-modlitby\/\" class=\"wp-image-471\" srcset=\"https:\/\/www.sdr.sk\/wp-content\/uploads\/2020\/12\/02-apostolat-modlitby-1024x1024.jpg 1024w, https:\/\/www.sdr.sk\/wp-content\/uploads\/2020\/12\/02-apostolat-modlitby-300x300.jpg 300w, https:\/\/www.sdr.sk\/wp-content\/uploads\/2020\/12\/02-apostolat-modlitby-150x150.jpg 150w, https:\/\/www.sdr.sk\/wp-content\/uploads\/2020\/12\/02-apostolat-modlitby-1536x1536.jpg 1536w, https:\/\/www.sdr.sk\/wp-content\/uploads\/2020\/12\/02-apostolat-modlitby-2048x2048.jpg 2048w, https:\/\/www.sdr.sk\/wp-content\/uploads\/2020\/12\/02-apostolat-modlitby-400x400.jpg 400w\" sizes=\"(max-width: 1024px) 100vw, 1024px\" \/><\/a><\/figure><\/li><\/ul><\/figure>\n","protected":false},"excerpt":{"rendered":"<p>\u201eModlitba, \u010di to vieme, alebo nie, je stretnutie Bo\u017eieho sm\u00e4du s\u00a0na\u0161\u00edm sm\u00e4dom. Boh m\u00e1 sm\u00e4d po\u00a0tom, aby sme mali sm\u00e4d<a class=\"read-more\" href=\"https:\/\/www.sdr.sk\/index.php\/apostolat-modlitby\/\"\/>\u010c\u00edta\u0165 \u010falej<\/a><\/p>\n","protected":false},"author":1,"featured_media":0,"parent":0,"menu_order":0,"comment_status":"closed","ping_status":"closed","template":"page-templates\/template_nosidebar.php","meta":[],"_links":{"self":[{"href":"https:\/\/www.sdr.sk\/index.php\/wp-json\/wp\/v2\/pages\/465"}],"collection":[{"href":"https:\/\/www.sdr.sk\/index.php\/wp-json\/wp\/v2\/pages"}],"about":[{"href":"https:\/\/www.sdr.sk\/index.php\/wp-json\/wp\/v2\/types\/page"}],"author":[{"embeddable":true,"href":"https:\/\/www.sdr.sk\/index.php\/wp-json\/wp\/v2\/users\/1"}],"replies":[{"embeddable":true,"href":"https:\/\/www.sdr.sk\/index.php\/wp-json\/wp\/v2\/comments?post=465"}],"version-history":[{"count":3,"href":"https:\/\/www.sdr.sk\/index.php\/wp-json\/wp\/v2\/pages\/465\/revisions"}],"predecessor-version":[{"id":472,"href":"https:\/\/www.sdr.sk\/index.php\/wp-json\/wp\/v2\/pages\/465\/revisions\/472"}],"wp:attachment":[{"href":"https:\/\/www.sdr.sk\/index.php\/wp-json\/wp\/v2\/media?parent=465"}],"curies":[{"name":"wp","href":"https:\/\/api.w.org\/{rel}","templated":true}]}}