{"id":461,"date":"2020-12-22T12:00:50","date_gmt":"2020-12-22T11:00:50","guid":{"rendered":"https:\/\/wp.sdr.sk\/?page_id=461"},"modified":"2020-12-28T17:42:31","modified_gmt":"2020-12-28T16:42:31","slug":"misie","status":"publish","type":"page","link":"https:\/\/www.sdr.sk\/index.php\/misie\/","title":{"rendered":"MISIE"},"content":{"rendered":"\n<p>\u201eEvanjeliza\u010dn\u00e1 misia Cirkvi je vo svojej podstate hl\u00e1san\u00edm Bo\u017eej l\u00e1sky, milosrdenstva a odpustenia, ktor\u00e9 boli zjaven\u00e9 \u010dloveku skrze \u017eivot, smr\u0165 a zm\u0155tvychvstanie Je\u017ei\u0161a Krista, n\u00e1\u0161ho P\u00e1na. Je to ohlasovanie radostnej zvesti, \u017ee Boh n\u00e1s miluje a chce n\u00e1s v\u0161etk\u00fdch zjednoti\u0165 vo svojej milosrdnej l\u00e1ske\u2026\u201c <em>(Z Posolstva Sv\u00e4t\u00e9ho Otca J\u00e1na Pavla II. k\u00a0Svetov\u00e9mu d\u0148u misi\u00ed 20. 10. 2002)<\/em><\/p>\n\n\n\n<p>V r\u00e1mci spolupr\u00e1ce s\u00a0oberbronnskou kongreg\u00e1ciou m\u00e1me mo\u017enos\u0165 roz\u0161\u00edri\u0165 na\u0161e p\u00f4sobenie a\u00a0ma\u0165 \u00fa\u010das\u0165 aj na ich apo\u0161tol\u00e1te v\u00a0africkom Kamerune. Toto nasadenie si vy\u017eaduje fyzick\u00e9 i\u00a0du\u0161evn\u00e9 sily, preto zverujeme do va\u0161ich modlitieb spolusestry, ktor\u00e9 tam p\u00f4sobia.<\/p>\n\n\n\n<figure class=\"wp-block-gallery columns-3 is-cropped\"><ul class=\"blocks-gallery-grid\"><li class=\"blocks-gallery-item\"><figure><a href=\"https:\/\/wp.sdr.sk\/wp-content\/uploads\/2020\/12\/01-misie.jpg\"><img loading=\"lazy\" width=\"1024\" height=\"1024\" src=\"https:\/\/wp.sdr.sk\/wp-content\/uploads\/2020\/12\/01-misie-1024x1024.jpg\" alt=\"\" data-id=\"507\" data-full-url=\"https:\/\/wp.sdr.sk\/wp-content\/uploads\/2020\/12\/01-misie.jpg\" data-link=\"https:\/\/wp.sdr.sk\/index.php\/misie\/01-misie\/\" class=\"wp-image-507\" srcset=\"https:\/\/www.sdr.sk\/wp-content\/uploads\/2020\/12\/01-misie-1024x1024.jpg 1024w, https:\/\/www.sdr.sk\/wp-content\/uploads\/2020\/12\/01-misie-300x300.jpg 300w, https:\/\/www.sdr.sk\/wp-content\/uploads\/2020\/12\/01-misie-150x150.jpg 150w, https:\/\/www.sdr.sk\/wp-content\/uploads\/2020\/12\/01-misie-1536x1536.jpg 1536w, https:\/\/www.sdr.sk\/wp-content\/uploads\/2020\/12\/01-misie-2048x2048.jpg 2048w, https:\/\/www.sdr.sk\/wp-content\/uploads\/2020\/12\/01-misie-400x400.jpg 400w\" sizes=\"(max-width: 1024px) 100vw, 1024px\" \/><\/a><\/figure><\/li><li class=\"blocks-gallery-item\"><figure><a href=\"https:\/\/wp.sdr.sk\/wp-content\/uploads\/2020\/12\/02-misie-scaled.jpg\"><img loading=\"lazy\" width=\"1024\" height=\"1024\" src=\"https:\/\/wp.sdr.sk\/wp-content\/uploads\/2020\/12\/02-misie-1024x1024.jpg\" alt=\"\" data-id=\"508\" data-full-url=\"https:\/\/wp.sdr.sk\/wp-content\/uploads\/2020\/12\/02-misie-scaled.jpg\" data-link=\"https:\/\/wp.sdr.sk\/index.php\/misie\/02-misie\/\" class=\"wp-image-508\" srcset=\"https:\/\/www.sdr.sk\/wp-content\/uploads\/2020\/12\/02-misie-1024x1024.jpg 1024w, https:\/\/www.sdr.sk\/wp-content\/uploads\/2020\/12\/02-misie-300x300.jpg 300w, https:\/\/www.sdr.sk\/wp-content\/uploads\/2020\/12\/02-misie-150x150.jpg 150w, https:\/\/www.sdr.sk\/wp-content\/uploads\/2020\/12\/02-misie-1536x1536.jpg 1536w, https:\/\/www.sdr.sk\/wp-content\/uploads\/2020\/12\/02-misie-2048x2048.jpg 2048w, https:\/\/www.sdr.sk\/wp-content\/uploads\/2020\/12\/02-misie-400x400.jpg 400w\" sizes=\"(max-width: 1024px) 100vw, 1024px\" \/><\/a><\/figure><\/li><li class=\"blocks-gallery-item\"><figure><a href=\"https:\/\/wp.sdr.sk\/wp-content\/uploads\/2020\/12\/03-misie-scaled.jpg\"><img loading=\"lazy\" width=\"1024\" height=\"1024\" src=\"https:\/\/wp.sdr.sk\/wp-content\/uploads\/2020\/12\/03-misie-1024x1024.jpg\" alt=\"\" data-id=\"509\" data-full-url=\"https:\/\/wp.sdr.sk\/wp-content\/uploads\/2020\/12\/03-misie-scaled.jpg\" data-link=\"https:\/\/wp.sdr.sk\/index.php\/misie\/03-misie\/\" class=\"wp-image-509\" srcset=\"https:\/\/www.sdr.sk\/wp-content\/uploads\/2020\/12\/03-misie-1024x1024.jpg 1024w, https:\/\/www.sdr.sk\/wp-content\/uploads\/2020\/12\/03-misie-300x300.jpg 300w, https:\/\/www.sdr.sk\/wp-content\/uploads\/2020\/12\/03-misie-150x150.jpg 150w, https:\/\/www.sdr.sk\/wp-content\/uploads\/2020\/12\/03-misie-1536x1536.jpg 1536w, https:\/\/www.sdr.sk\/wp-content\/uploads\/2020\/12\/03-misie-2048x2048.jpg 2048w, https:\/\/www.sdr.sk\/wp-content\/uploads\/2020\/12\/03-misie-400x400.jpg 400w\" sizes=\"(max-width: 1024px) 100vw, 1024px\" \/><\/a><\/figure><\/li><\/ul><\/figure>\n","protected":false},"excerpt":{"rendered":"<p>\u201eEvanjeliza\u010dn\u00e1 misia Cirkvi je vo svojej podstate hl\u00e1san\u00edm Bo\u017eej l\u00e1sky, milosrdenstva a odpustenia, ktor\u00e9 boli zjaven\u00e9 \u010dloveku skrze \u017eivot, smr\u0165<a class=\"read-more\" href=\"https:\/\/www.sdr.sk\/index.php\/misie\/\"\/>\u010c\u00edta\u0165 \u010falej<\/a><\/p>\n","protected":false},"author":1,"featured_media":0,"parent":0,"menu_order":0,"comment_status":"closed","ping_status":"closed","template":"page-templates\/template_nosidebar.php","meta":[],"_links":{"self":[{"href":"https:\/\/www.sdr.sk\/index.php\/wp-json\/wp\/v2\/pages\/461"}],"collection":[{"href":"https:\/\/www.sdr.sk\/index.php\/wp-json\/wp\/v2\/pages"}],"about":[{"href":"https:\/\/www.sdr.sk\/index.php\/wp-json\/wp\/v2\/types\/page"}],"author":[{"embeddable":true,"href":"https:\/\/www.sdr.sk\/index.php\/wp-json\/wp\/v2\/users\/1"}],"replies":[{"embeddable":true,"href":"https:\/\/www.sdr.sk\/index.php\/wp-json\/wp\/v2\/comments?post=461"}],"version-history":[{"count":3,"href":"https:\/\/www.sdr.sk\/index.php\/wp-json\/wp\/v2\/pages\/461\/revisions"}],"predecessor-version":[{"id":511,"href":"https:\/\/www.sdr.sk\/index.php\/wp-json\/wp\/v2\/pages\/461\/revisions\/511"}],"wp:attachment":[{"href":"https:\/\/www.sdr.sk\/index.php\/wp-json\/wp\/v2\/media?parent=461"}],"curies":[{"name":"wp","href":"https:\/\/api.w.org\/{rel}","templated":true}]}}