{"id":457,"date":"2020-12-22T12:00:14","date_gmt":"2020-12-22T11:00:14","guid":{"rendered":"https:\/\/wp.sdr.sk\/?page_id=457"},"modified":"2021-04-19T09:16:32","modified_gmt":"2021-04-19T07:16:32","slug":"poslanie-komunit","status":"publish","type":"page","link":"https:\/\/www.sdr.sk\/index.php\/poslanie-komunit\/","title":{"rendered":"POSLANIE KOMUN\u00cdT"},"content":{"rendered":"\t\t<div data-elementor-type=\"wp-page\" data-elementor-id=\"457\" class=\"elementor elementor-457\" data-elementor-settings=\"[]\">\n\t\t\t\t\t\t<div class=\"elementor-inner\">\n\t\t\t\t\t\t\t<div class=\"elementor-section-wrap\">\n\t\t\t\t\t\t\t<section class=\"elementor-section elementor-top-section elementor-element elementor-element-1dc3375f elementor-section-boxed elementor-section-height-default elementor-section-height-default\" data-id=\"1dc3375f\" data-element_type=\"section\">\n\t\t\t\t\t\t<div class=\"elementor-container elementor-column-gap-default\">\n\t\t\t\t\t\t\t<div class=\"elementor-row\">\n\t\t\t\t\t<div class=\"elementor-column elementor-col-100 elementor-top-column elementor-element elementor-element-2e93d368\" data-id=\"2e93d368\" data-element_type=\"column\">\n\t\t\t<div class=\"elementor-column-wrap elementor-element-populated\">\n\t\t\t\t\t\t\t<div class=\"elementor-widget-wrap\">\n\t\t\t\t\t\t<div class=\"elementor-element elementor-element-436adde9 elementor-widget elementor-widget-text-editor\" data-id=\"436adde9\" data-element_type=\"widget\" data-widget_type=\"text-editor.default\">\n\t\t\t\t<div class=\"elementor-widget-container\">\n\t\t\t\t\t<div class=\"elementor-text-editor elementor-clearfix\"><p><!-- wp:paragraph --><\/p>\n<p>Podstatn\u00fdm prvkom reho\u013en\u00e9ho \u017eivota je \u017eivot v spolo\u010denstve. Spolu so \u017eiv\u00fdm vz\u0165ahom k&nbsp;Bohu \u017eiv\u00ed aj vonkaj\u0161ie \u00fa\u010dinkovanie sestier, ktor\u00e9ho snahou je zmier\u0148ova\u0165 r\u00f4zne formy n\u00fadze vo svete. \u010comu sa sestry venuj\u00fa?<\/p>\n<p><!-- \/wp:paragraph --><\/p>\n<p><!-- wp:list --><\/p>\n<ul>\n<li>pr\u00e1ca v&nbsp;nemocnici, na geriatrii, v&nbsp;ADOS<\/li>\n<li>starostlivos\u0165 o&nbsp;soci\u00e1lne zanedban\u00e9 deti<\/li>\n<li>starostlivos\u0165 o&nbsp;\u013eud\u00ed v \u00fatulku<\/li>\n<li>\u0161kolsk\u00e1 a&nbsp;farsk\u00e1 katech\u00e9za, pr\u00e1ca v&nbsp;Cirkevnom centre vo\u013en\u00e9ho \u010dasu<\/li>\n<li>vyu\u010dovanie odborn\u00fdch predmetov na z\u00e1kladn\u00fdch a&nbsp;stredn\u00fdch \u0161kol\u00e1ch<\/li>\n<li>pr\u00e1ca v&nbsp;\u0161peci\u00e1lnej materskej \u0161kole a&nbsp;\u0161peci\u00e1lnej z\u00e1kladnej \u0161kole<\/li>\n<li>vedenie dom\u00e1cnosti biskupa<\/li>\n<li>starostlivos\u0165 o&nbsp;chod duchovn\u00e9ho centra, p\u00fatnick\u00e9ho domu<\/li>\n<li>administrat\u00edvne pr\u00e1ce a&nbsp;pod.<br>&nbsp;<br><\/li>\n<\/ul>\n<p><!-- \/wp:list --><\/p>\n<p><!-- wp:paragraph --><\/p>\n<p>Pri v\u00e4\u010d\u0161ine komun\u00edt je vykupite\u013esk\u00e9 dielo roz\u0161\u00edren\u00e9 aj do radu laikov prostredn\u00edctvom Duchovnej rodiny. Viac sa o&nbsp;nej dozviete <strong><a href=\"https:\/\/www.sdr.sk\/index.php\/duchovna-rodina\/\">TU<\/a><\/strong>.<\/p>\n<p><!-- \/wp:paragraph --><\/p>\n<p><!-- wp:gallery {\"ids\":[487,488,489,490,491,492,493,494,495],\"columns\":5,\"linkTo\":\"media\"} --><\/p>\n<figure class=\"wp-block-gallery columns-5 is-cropped\">\n<ul class=\"blocks-gallery-grid\">\n<li class=\"blocks-gallery-item\">\n<figure><a href=\"https:\/\/wp.sdr.sk\/wp-content\/uploads\/2020\/12\/na-kolenach-scaled.jpg\"><img loading=\"lazy\" width=\"1024\" height=\"1024\" src=\"https:\/\/wp.sdr.sk\/wp-content\/uploads\/2020\/12\/na-kolenach-1024x1024.jpg\" alt=\"\" data-id=\"487\" data-full-url=\"https:\/\/wp.sdr.sk\/wp-content\/uploads\/2020\/12\/na-kolenach-scaled.jpg\" data-link=\"https:\/\/wp.sdr.sk\/index.php\/poslanie-komunit\/na-kolenach\/\" class=\"wp-image-487\" srcset=\"https:\/\/www.sdr.sk\/wp-content\/uploads\/2020\/12\/na-kolenach-1024x1024.jpg 1024w, https:\/\/www.sdr.sk\/wp-content\/uploads\/2020\/12\/na-kolenach-300x300.jpg 300w, https:\/\/www.sdr.sk\/wp-content\/uploads\/2020\/12\/na-kolenach-150x150.jpg 150w, https:\/\/www.sdr.sk\/wp-content\/uploads\/2020\/12\/na-kolenach-1536x1536.jpg 1536w, https:\/\/www.sdr.sk\/wp-content\/uploads\/2020\/12\/na-kolenach-2048x2048.jpg 2048w, https:\/\/www.sdr.sk\/wp-content\/uploads\/2020\/12\/na-kolenach-400x400.jpg 400w\" sizes=\"(max-width: 1024px) 100vw, 1024px\" \/><\/a><\/figure>\n<\/li>\n<li class=\"blocks-gallery-item\">\n<figure><a href=\"https:\/\/wp.sdr.sk\/wp-content\/uploads\/2020\/12\/pri-opustenych.jpg\"><img loading=\"lazy\" width=\"1024\" height=\"1024\" src=\"https:\/\/wp.sdr.sk\/wp-content\/uploads\/2020\/12\/pri-opustenych-1024x1024.jpg\" alt=\"\" data-id=\"488\" data-full-url=\"https:\/\/wp.sdr.sk\/wp-content\/uploads\/2020\/12\/pri-opustenych.jpg\" data-link=\"https:\/\/wp.sdr.sk\/index.php\/poslanie-komunit\/pri-opustenych\/\" class=\"wp-image-488\" srcset=\"https:\/\/www.sdr.sk\/wp-content\/uploads\/2020\/12\/pri-opustenych-1024x1024.jpg 1024w, https:\/\/www.sdr.sk\/wp-content\/uploads\/2020\/12\/pri-opustenych-300x300.jpg 300w, https:\/\/www.sdr.sk\/wp-content\/uploads\/2020\/12\/pri-opustenych-150x150.jpg 150w, https:\/\/www.sdr.sk\/wp-content\/uploads\/2020\/12\/pri-opustenych-1536x1536.jpg 1536w, https:\/\/www.sdr.sk\/wp-content\/uploads\/2020\/12\/pri-opustenych-2048x2048.jpg 2048w, https:\/\/www.sdr.sk\/wp-content\/uploads\/2020\/12\/pri-opustenych-400x400.jpg 400w\" sizes=\"(max-width: 1024px) 100vw, 1024px\" \/><\/a><\/figure>\n<\/li>\n<li class=\"blocks-gallery-item\">\n<figure><a href=\"https:\/\/wp.sdr.sk\/wp-content\/uploads\/2020\/12\/s-bezdomovcami-scaled.jpg\"><img loading=\"lazy\" width=\"1024\" height=\"1024\" src=\"https:\/\/wp.sdr.sk\/wp-content\/uploads\/2020\/12\/s-bezdomovcami-1024x1024.jpg\" alt=\"\" data-id=\"489\" data-full-url=\"https:\/\/wp.sdr.sk\/wp-content\/uploads\/2020\/12\/s-bezdomovcami-scaled.jpg\" data-link=\"https:\/\/wp.sdr.sk\/index.php\/poslanie-komunit\/s-bezdomovcami\/\" class=\"wp-image-489\" srcset=\"https:\/\/www.sdr.sk\/wp-content\/uploads\/2020\/12\/s-bezdomovcami-1024x1024.jpg 1024w, https:\/\/www.sdr.sk\/wp-content\/uploads\/2020\/12\/s-bezdomovcami-300x300.jpg 300w, https:\/\/www.sdr.sk\/wp-content\/uploads\/2020\/12\/s-bezdomovcami-150x150.jpg 150w, https:\/\/www.sdr.sk\/wp-content\/uploads\/2020\/12\/s-bezdomovcami-1536x1536.jpg 1536w, https:\/\/www.sdr.sk\/wp-content\/uploads\/2020\/12\/s-bezdomovcami-2048x2048.jpg 2048w, https:\/\/www.sdr.sk\/wp-content\/uploads\/2020\/12\/s-bezdomovcami-400x400.jpg 400w\" sizes=\"(max-width: 1024px) 100vw, 1024px\" \/><\/a><\/figure>\n<\/li>\n<li class=\"blocks-gallery-item\">\n<figure><a href=\"https:\/\/wp.sdr.sk\/wp-content\/uploads\/2020\/12\/s-detmi.jpg\"><img loading=\"lazy\" width=\"1024\" height=\"1024\" src=\"https:\/\/wp.sdr.sk\/wp-content\/uploads\/2020\/12\/s-detmi-1024x1024.jpg\" alt=\"\" data-id=\"490\" data-full-url=\"https:\/\/wp.sdr.sk\/wp-content\/uploads\/2020\/12\/s-detmi.jpg\" data-link=\"https:\/\/wp.sdr.sk\/index.php\/poslanie-komunit\/s-detmi\/\" class=\"wp-image-490\" srcset=\"https:\/\/www.sdr.sk\/wp-content\/uploads\/2020\/12\/s-detmi-1024x1024.jpg 1024w, https:\/\/www.sdr.sk\/wp-content\/uploads\/2020\/12\/s-detmi-300x300.jpg 300w, https:\/\/www.sdr.sk\/wp-content\/uploads\/2020\/12\/s-detmi-150x150.jpg 150w, https:\/\/www.sdr.sk\/wp-content\/uploads\/2020\/12\/s-detmi-1536x1536.jpg 1536w, https:\/\/www.sdr.sk\/wp-content\/uploads\/2020\/12\/s-detmi-2048x2048.jpg 2048w, https:\/\/www.sdr.sk\/wp-content\/uploads\/2020\/12\/s-detmi-400x400.jpg 400w\" sizes=\"(max-width: 1024px) 100vw, 1024px\" \/><\/a><\/figure>\n<\/li>\n<li class=\"blocks-gallery-item\">\n<figure><a href=\"https:\/\/wp.sdr.sk\/wp-content\/uploads\/2020\/12\/s-mladymi-scaled.jpg\"><img loading=\"lazy\" width=\"1024\" height=\"1024\" src=\"https:\/\/wp.sdr.sk\/wp-content\/uploads\/2020\/12\/s-mladymi-1024x1024.jpg\" alt=\"\" data-id=\"491\" data-full-url=\"https:\/\/wp.sdr.sk\/wp-content\/uploads\/2020\/12\/s-mladymi-scaled.jpg\" data-link=\"https:\/\/wp.sdr.sk\/index.php\/poslanie-komunit\/s-mladymi\/\" class=\"wp-image-491\" srcset=\"https:\/\/www.sdr.sk\/wp-content\/uploads\/2020\/12\/s-mladymi-1024x1024.jpg 1024w, https:\/\/www.sdr.sk\/wp-content\/uploads\/2020\/12\/s-mladymi-300x300.jpg 300w, https:\/\/www.sdr.sk\/wp-content\/uploads\/2020\/12\/s-mladymi-150x150.jpg 150w, https:\/\/www.sdr.sk\/wp-content\/uploads\/2020\/12\/s-mladymi-1536x1536.jpg 1536w, https:\/\/www.sdr.sk\/wp-content\/uploads\/2020\/12\/s-mladymi-2048x2048.jpg 2048w, https:\/\/www.sdr.sk\/wp-content\/uploads\/2020\/12\/s-mladymi-400x400.jpg 400w\" sizes=\"(max-width: 1024px) 100vw, 1024px\" \/><\/a><\/figure>\n<\/li>\n<li class=\"blocks-gallery-item\">\n<figure><a href=\"https:\/\/wp.sdr.sk\/wp-content\/uploads\/2020\/12\/v-kostole.jpg\"><img loading=\"lazy\" width=\"1024\" height=\"1024\" src=\"https:\/\/wp.sdr.sk\/wp-content\/uploads\/2020\/12\/v-kostole-1024x1024.jpg\" alt=\"\" data-id=\"492\" data-full-url=\"https:\/\/wp.sdr.sk\/wp-content\/uploads\/2020\/12\/v-kostole.jpg\" data-link=\"https:\/\/wp.sdr.sk\/index.php\/poslanie-komunit\/v-kostole\/\" class=\"wp-image-492\" srcset=\"https:\/\/www.sdr.sk\/wp-content\/uploads\/2020\/12\/v-kostole-1024x1024.jpg 1024w, https:\/\/www.sdr.sk\/wp-content\/uploads\/2020\/12\/v-kostole-300x300.jpg 300w, https:\/\/www.sdr.sk\/wp-content\/uploads\/2020\/12\/v-kostole-150x150.jpg 150w, https:\/\/www.sdr.sk\/wp-content\/uploads\/2020\/12\/v-kostole-1536x1536.jpg 1536w, https:\/\/www.sdr.sk\/wp-content\/uploads\/2020\/12\/v-kostole-2048x2048.jpg 2048w, https:\/\/www.sdr.sk\/wp-content\/uploads\/2020\/12\/v-kostole-400x400.jpg 400w\" sizes=\"(max-width: 1024px) 100vw, 1024px\" \/><\/a><\/figure>\n<\/li>\n<li class=\"blocks-gallery-item\">\n<figure><a href=\"https:\/\/wp.sdr.sk\/wp-content\/uploads\/2020\/12\/v-kuchyni.jpg\"><img loading=\"lazy\" width=\"1024\" height=\"1024\" src=\"https:\/\/wp.sdr.sk\/wp-content\/uploads\/2020\/12\/v-kuchyni-1024x1024.jpg\" alt=\"\" data-id=\"493\" data-full-url=\"https:\/\/wp.sdr.sk\/wp-content\/uploads\/2020\/12\/v-kuchyni.jpg\" data-link=\"https:\/\/wp.sdr.sk\/index.php\/poslanie-komunit\/v-kuchyni\/\" class=\"wp-image-493\" srcset=\"https:\/\/www.sdr.sk\/wp-content\/uploads\/2020\/12\/v-kuchyni-1024x1024.jpg 1024w, https:\/\/www.sdr.sk\/wp-content\/uploads\/2020\/12\/v-kuchyni-300x300.jpg 300w, https:\/\/www.sdr.sk\/wp-content\/uploads\/2020\/12\/v-kuchyni-150x150.jpg 150w, https:\/\/www.sdr.sk\/wp-content\/uploads\/2020\/12\/v-kuchyni-1536x1536.jpg 1536w, https:\/\/www.sdr.sk\/wp-content\/uploads\/2020\/12\/v-kuchyni-2048x2048.jpg 2048w, https:\/\/www.sdr.sk\/wp-content\/uploads\/2020\/12\/v-kuchyni-400x400.jpg 400w\" sizes=\"(max-width: 1024px) 100vw, 1024px\" \/><\/a><\/figure>\n<\/li>\n<li class=\"blocks-gallery-item\">\n<figure><a href=\"https:\/\/wp.sdr.sk\/wp-content\/uploads\/2020\/12\/v-utulku.jpg\"><img loading=\"lazy\" width=\"1024\" height=\"1024\" src=\"https:\/\/wp.sdr.sk\/wp-content\/uploads\/2020\/12\/v-utulku-1024x1024.jpg\" alt=\"\" data-id=\"494\" data-full-url=\"https:\/\/wp.sdr.sk\/wp-content\/uploads\/2020\/12\/v-utulku.jpg\" data-link=\"https:\/\/wp.sdr.sk\/index.php\/poslanie-komunit\/v-utulku\/\" class=\"wp-image-494\" srcset=\"https:\/\/www.sdr.sk\/wp-content\/uploads\/2020\/12\/v-utulku-1024x1024.jpg 1024w, https:\/\/www.sdr.sk\/wp-content\/uploads\/2020\/12\/v-utulku-300x300.jpg 300w, https:\/\/www.sdr.sk\/wp-content\/uploads\/2020\/12\/v-utulku-150x150.jpg 150w, https:\/\/www.sdr.sk\/wp-content\/uploads\/2020\/12\/v-utulku-1536x1536.jpg 1536w, https:\/\/www.sdr.sk\/wp-content\/uploads\/2020\/12\/v-utulku-2048x2048.jpg 2048w, https:\/\/www.sdr.sk\/wp-content\/uploads\/2020\/12\/v-utulku-400x400.jpg 400w\" sizes=\"(max-width: 1024px) 100vw, 1024px\" \/><\/a><\/figure>\n<\/li>\n<li class=\"blocks-gallery-item\">\n<figure><a href=\"https:\/\/wp.sdr.sk\/wp-content\/uploads\/2020\/12\/v-zdravotnictve.jpg\"><img loading=\"lazy\" width=\"1024\" height=\"1024\" src=\"https:\/\/wp.sdr.sk\/wp-content\/uploads\/2020\/12\/v-zdravotnictve-1024x1024.jpg\" alt=\"\" data-id=\"495\" data-full-url=\"https:\/\/wp.sdr.sk\/wp-content\/uploads\/2020\/12\/v-zdravotnictve.jpg\" data-link=\"https:\/\/wp.sdr.sk\/index.php\/poslanie-komunit\/v-zdravotnictve\/\" class=\"wp-image-495\" srcset=\"https:\/\/www.sdr.sk\/wp-content\/uploads\/2020\/12\/v-zdravotnictve-1024x1024.jpg 1024w, https:\/\/www.sdr.sk\/wp-content\/uploads\/2020\/12\/v-zdravotnictve-300x300.jpg 300w, https:\/\/www.sdr.sk\/wp-content\/uploads\/2020\/12\/v-zdravotnictve-150x150.jpg 150w, https:\/\/www.sdr.sk\/wp-content\/uploads\/2020\/12\/v-zdravotnictve-1536x1536.jpg 1536w, https:\/\/www.sdr.sk\/wp-content\/uploads\/2020\/12\/v-zdravotnictve-2048x2048.jpg 2048w, https:\/\/www.sdr.sk\/wp-content\/uploads\/2020\/12\/v-zdravotnictve-400x400.jpg 400w\" sizes=\"(max-width: 1024px) 100vw, 1024px\" \/><\/a><\/figure>\n<\/li>\n<\/ul>\n<\/figure>\n<p><!-- \/wp:gallery --><\/p><\/div>\n\t\t\t\t<\/div>\n\t\t\t\t<\/div>\n\t\t\t\t\t\t<\/div>\n\t\t\t\t\t<\/div>\n\t\t<\/div>\n\t\t\t\t\t\t\t\t<\/div>\n\t\t\t\t\t<\/div>\n\t\t<\/section>\n\t\t\t\t\t\t<\/div>\n\t\t\t\t\t\t<\/div>\n\t\t\t\t\t<\/div>\n\t\t","protected":false},"excerpt":{"rendered":"<p>Podstatn\u00fdm prvkom reho\u013en\u00e9ho \u017eivota je \u017eivot v spolo\u010denstve. Spolu so \u017eiv\u00fdm vz\u0165ahom k&nbsp;Bohu \u017eiv\u00ed aj vonkaj\u0161ie \u00fa\u010dinkovanie sestier, ktor\u00e9ho snahou<a class=\"read-more\" href=\"https:\/\/www.sdr.sk\/index.php\/poslanie-komunit\/\"\/>\u010c\u00edta\u0165 \u010falej<\/a><\/p>\n","protected":false},"author":1,"featured_media":0,"parent":0,"menu_order":0,"comment_status":"closed","ping_status":"closed","template":"page-templates\/template_nosidebar.php","meta":[],"_links":{"self":[{"href":"https:\/\/www.sdr.sk\/index.php\/wp-json\/wp\/v2\/pages\/457"}],"collection":[{"href":"https:\/\/www.sdr.sk\/index.php\/wp-json\/wp\/v2\/pages"}],"about":[{"href":"https:\/\/www.sdr.sk\/index.php\/wp-json\/wp\/v2\/types\/page"}],"author":[{"embeddable":true,"href":"https:\/\/www.sdr.sk\/index.php\/wp-json\/wp\/v2\/users\/1"}],"replies":[{"embeddable":true,"href":"https:\/\/www.sdr.sk\/index.php\/wp-json\/wp\/v2\/comments?post=457"}],"version-history":[{"count":5,"href":"https:\/\/www.sdr.sk\/index.php\/wp-json\/wp\/v2\/pages\/457\/revisions"}],"predecessor-version":[{"id":890,"href":"https:\/\/www.sdr.sk\/index.php\/wp-json\/wp\/v2\/pages\/457\/revisions\/890"}],"wp:attachment":[{"href":"https:\/\/www.sdr.sk\/index.php\/wp-json\/wp\/v2\/media?parent=457"}],"curies":[{"name":"wp","href":"https:\/\/api.w.org\/{rel}","templated":true}]}}