{"id":449,"date":"2020-12-21T10:04:01","date_gmt":"2020-12-21T09:04:01","guid":{"rendered":"https:\/\/wp.sdr.sk\/?page_id=449"},"modified":"2021-01-12T12:14:48","modified_gmt":"2021-01-12T11:14:48","slug":"permanentna-formacia","status":"publish","type":"page","link":"https:\/\/www.sdr.sk\/index.php\/permanentna-formacia\/","title":{"rendered":"PERMANENTN\u00c1 FORM\u00c1CIA"},"content":{"rendered":"\t\t<div data-elementor-type=\"wp-page\" data-elementor-id=\"449\" class=\"elementor elementor-449\" data-elementor-settings=\"[]\">\n\t\t\t\t\t\t<div class=\"elementor-inner\">\n\t\t\t\t\t\t\t<div class=\"elementor-section-wrap\">\n\t\t\t\t\t\t\t<section class=\"elementor-section elementor-top-section elementor-element elementor-element-ef85673 elementor-section-boxed elementor-section-height-default elementor-section-height-default\" data-id=\"ef85673\" data-element_type=\"section\">\n\t\t\t\t\t\t<div class=\"elementor-container elementor-column-gap-default\">\n\t\t\t\t\t\t\t<div class=\"elementor-row\">\n\t\t\t\t\t<div class=\"elementor-column elementor-col-50 elementor-top-column elementor-element elementor-element-92162cc\" data-id=\"92162cc\" data-element_type=\"column\">\n\t\t\t<div class=\"elementor-column-wrap elementor-element-populated\">\n\t\t\t\t\t\t\t<div class=\"elementor-widget-wrap\">\n\t\t\t\t\t\t<div class=\"elementor-element elementor-element-09970fa elementor-widget elementor-widget-text-editor\" data-id=\"09970fa\" data-element_type=\"widget\" data-widget_type=\"text-editor.default\">\n\t\t\t\t<div class=\"elementor-widget-container\">\n\t\t\t\t\t<div class=\"elementor-text-editor elementor-clearfix\"><p>Dot\u00fdka sa dospel\u00e9ho \u010dloveka, ktor\u00fd sa m\u00e1 s\u00a0prezieravos\u0165ou pozera\u0165 na svoju bud\u00facnos\u0165 tak, \u017ee ju vytv\u00e1ra ka\u017edodenne s\u00a0trpezlivos\u0165ou a\u00a0d\u00f4verou. Napom\u00e1ha plno hodnej\u0161iemu\u00a0\u017eivotu ka\u017ed\u00e9ho \u010dloveka, preto\u017ee mu\u00a0pom\u00e1ha \u201eznovu z\u00edska\u0165 hodnoty\u201c\u00a0t\u00fdm, \u017ee si uvedomuje\u00a0a\u00a0pr\u00edjme to, \u010do je podstatn\u00e9 a\u00a0nezmenite\u013en\u00e9 a\u00a0sna\u017e\u00ed sa zmeni\u0165 to, \u010do je menliv\u00e9 a\u00a0\u010do sa mus\u00ed zmeni\u0165.<\/p>\n<p><!-- \/wp:paragraph --><!-- wp:paragraph --><\/p>\n<p>Je osobnou a\u00a0neodmyslite\u013enou povinnos\u0165ou \u010dloveka, aby si mohol zreformova\u0165 svoje spr\u00e1vanie,<br \/>postoje pred sebou, pred Bohom, pred spolo\u010dnos\u0165ou \u010di spolo\u010denstvom. Nie je to len zbieranie a\u00a0uplat\u0148ovanie nov\u00fdch vedomost\u00ed, ale m\u00e1 predch\u00e1dza\u0165 a\u00a0lie\u010di\u0165 nedorozumenia a\u00a0tr\u00e1penia, ktor\u00e9 \u013eahko vznikaj\u00fa, ke\u010f skupiny r\u00f4zneho veku maj\u00fa \u017ei\u0165 a\u00a0pracova\u0165 spolo\u010dne. M\u00e1 pom\u00f4c\u0165 reho\u013en\u00edkovi\u00a0\u201espoji\u0165 vernos\u0165 s\u00a0tvorivos\u0165ou\u201c.\u00a0Chr\u00e1ni pred\u00a0skostnaten\u00edm a\u00a0ustrnut\u00edm, pom\u00e1ha \u017eivo a\u00a0opravdivo vyd\u00e1va\u0165 svedectvo o\u00a0Bo\u017eom kr\u00e1\u013eovstve v\u00a0tomto svete a\u00a0o charizme in\u0161tit\u00fatu. Napom\u00e1ha plno hodnej\u0161iemu\u00a0\u017eivotu ka\u017ed\u00e9ho \u010dloveka, preto\u017ee mu\u00a0pom\u00e1ha \u201eznovu z\u00edska\u0165 hodnoty\u201c\u00a0t\u00fdm, \u017ee si uvedomuje\u00a0a\u00a0pr\u00edjme to, \u010do je podstatn\u00e9 a\u00a0nezmenite\u013en\u00e9 a\u00a0sna\u017e\u00ed sa zmeni\u0165 to, \u010do je menliv\u00e9 a\u00a0\u010do sa mus\u00ed zmeni\u0165.<\/p><\/div>\n\t\t\t\t<\/div>\n\t\t\t\t<\/div>\n\t\t\t\t\t\t<\/div>\n\t\t\t\t\t<\/div>\n\t\t<\/div>\n\t\t\t\t<div class=\"elementor-column elementor-col-50 elementor-top-column elementor-element elementor-element-4daf126\" data-id=\"4daf126\" data-element_type=\"column\">\n\t\t\t<div class=\"elementor-column-wrap elementor-element-populated\">\n\t\t\t\t\t\t\t<div class=\"elementor-widget-wrap\">\n\t\t\t\t\t\t<div class=\"elementor-element elementor-element-c607530 elementor-widget elementor-widget-image\" data-id=\"c607530\" data-element_type=\"widget\" data-widget_type=\"image.default\">\n\t\t\t\t<div class=\"elementor-widget-container\">\n\t\t\t\t\t<div class=\"elementor-image\">\n\t\t\t\t\t\t\t\t\t\t<img width=\"825\" height=\"825\" src=\"https:\/\/www.sdr.sk\/wp-content\/uploads\/2020\/12\/04-permanentna-formacia-1024x1024.jpg\" class=\"attachment-large size-large\" alt=\"\" loading=\"lazy\" srcset=\"https:\/\/www.sdr.sk\/wp-content\/uploads\/2020\/12\/04-permanentna-formacia-1024x1024.jpg 1024w, https:\/\/www.sdr.sk\/wp-content\/uploads\/2020\/12\/04-permanentna-formacia-300x300.jpg 300w, https:\/\/www.sdr.sk\/wp-content\/uploads\/2020\/12\/04-permanentna-formacia-150x150.jpg 150w, https:\/\/www.sdr.sk\/wp-content\/uploads\/2020\/12\/04-permanentna-formacia-1536x1536.jpg 1536w, https:\/\/www.sdr.sk\/wp-content\/uploads\/2020\/12\/04-permanentna-formacia-2048x2048.jpg 2048w, https:\/\/www.sdr.sk\/wp-content\/uploads\/2020\/12\/04-permanentna-formacia-400x400.jpg 400w\" sizes=\"(max-width: 825px) 100vw, 825px\" \/>\t\t\t\t\t\t\t\t\t\t\t<\/div>\n\t\t\t\t<\/div>\n\t\t\t\t<\/div>\n\t\t\t\t\t\t<\/div>\n\t\t\t\t\t<\/div>\n\t\t<\/div>\n\t\t\t\t\t\t\t\t<\/div>\n\t\t\t\t\t<\/div>\n\t\t<\/section>\n\t\t\t\t\t\t<\/div>\n\t\t\t\t\t\t<\/div>\n\t\t\t\t\t<\/div>\n\t\t","protected":false},"excerpt":{"rendered":"<p>Dot\u00fdka sa dospel\u00e9ho \u010dloveka, ktor\u00fd sa m\u00e1 s&nbsp;prezieravos\u0165ou pozera\u0165 na svoju bud\u00facnos\u0165 tak, \u017ee ju vytv\u00e1ra ka\u017edodenne s&nbsp;trpezlivos\u0165ou a&nbsp;d\u00f4verou. Napom\u00e1ha<a class=\"read-more\" href=\"https:\/\/www.sdr.sk\/index.php\/permanentna-formacia\/\"\/>\u010c\u00edta\u0165 \u010falej<\/a><\/p>\n","protected":false},"author":1,"featured_media":0,"parent":0,"menu_order":0,"comment_status":"closed","ping_status":"closed","template":"page-templates\/template_nosidebar.php","meta":[],"_links":{"self":[{"href":"https:\/\/www.sdr.sk\/index.php\/wp-json\/wp\/v2\/pages\/449"}],"collection":[{"href":"https:\/\/www.sdr.sk\/index.php\/wp-json\/wp\/v2\/pages"}],"about":[{"href":"https:\/\/www.sdr.sk\/index.php\/wp-json\/wp\/v2\/types\/page"}],"author":[{"embeddable":true,"href":"https:\/\/www.sdr.sk\/index.php\/wp-json\/wp\/v2\/users\/1"}],"replies":[{"embeddable":true,"href":"https:\/\/www.sdr.sk\/index.php\/wp-json\/wp\/v2\/comments?post=449"}],"version-history":[{"count":6,"href":"https:\/\/www.sdr.sk\/index.php\/wp-json\/wp\/v2\/pages\/449\/revisions"}],"predecessor-version":[{"id":620,"href":"https:\/\/www.sdr.sk\/index.php\/wp-json\/wp\/v2\/pages\/449\/revisions\/620"}],"wp:attachment":[{"href":"https:\/\/www.sdr.sk\/index.php\/wp-json\/wp\/v2\/media?parent=449"}],"curies":[{"name":"wp","href":"https:\/\/api.w.org\/{rel}","templated":true}]}}