{"id":383,"date":"2020-12-11T14:13:26","date_gmt":"2020-12-11T13:13:26","guid":{"rendered":"https:\/\/wp.sdr.sk\/?page_id=383"},"modified":"2021-05-24T11:25:38","modified_gmt":"2021-05-24T09:25:38","slug":"patroni","status":"publish","type":"page","link":"https:\/\/www.sdr.sk\/index.php\/patroni\/","title":{"rendered":"PATR\u00d3NI"},"content":{"rendered":"\t\t<div data-elementor-type=\"wp-page\" data-elementor-id=\"383\" class=\"elementor elementor-383\" data-elementor-settings=\"[]\">\n\t\t\t\t\t\t<div class=\"elementor-inner\">\n\t\t\t\t\t\t\t<div class=\"elementor-section-wrap\">\n\t\t\t\t\t\t\t<section class=\"elementor-section elementor-top-section elementor-element elementor-element-7f70c7c elementor-section-boxed elementor-section-height-default elementor-section-height-default\" data-id=\"7f70c7c\" data-element_type=\"section\">\n\t\t\t\t\t\t<div class=\"elementor-container elementor-column-gap-default\">\n\t\t\t\t\t\t\t<div class=\"elementor-row\">\n\t\t\t\t\t<div class=\"elementor-column elementor-col-100 elementor-top-column elementor-element elementor-element-247420e\" data-id=\"247420e\" data-element_type=\"column\">\n\t\t\t<div class=\"elementor-column-wrap elementor-element-populated\">\n\t\t\t\t\t\t\t<div class=\"elementor-widget-wrap\">\n\t\t\t\t\t\t<div class=\"elementor-element elementor-element-9ca5e58 elementor-widget elementor-widget-text-editor\" data-id=\"9ca5e58\" data-element_type=\"widget\" data-widget_type=\"text-editor.default\">\n\t\t\t\t<div class=\"elementor-widget-container\">\n\t\t\t\t\t<div class=\"elementor-text-editor elementor-clearfix\"><p style=\"text-align: center;\"><strong>PATR\u00d3NI KONGREG\u00c1CIE<\/strong><\/p><p style=\"text-align: center;\">Patr\u00f3ni kongreg\u00e1cie s\u00fa pre n\u00e1s v\u00fdnimo\u010dn\u00ed \u013eudia, sv\u00e4tci, ktor\u00ed n\u00e1s svoj\u00edm \u017eivotom a cnos\u0165ami in\u0161piruj\u00fa v pre\u017e\u00edvan\u00ed n\u00e1\u0161ho povolania, v na\u0161ej slu\u017ebe Bohu a bl\u00ed\u017enym. M\u00e1me ve\u013ek\u00fa d\u00f4veru v ich pomoc, \u201elebo sv\u00e4t\u00ed v nebi t\u00fdm, \u017ee s\u00fa d\u00f4vernej\u0161ie spojen\u00ed s Kristom, v\u00e4\u010d\u0161mi upev\u0148uj\u00fa cel\u00fa Cirkev vo sv\u00e4tosti\u2026 Neprestajne oroduj\u00fa za n\u00e1s u Otca a predkladaj\u00fa mu z\u00e1sluhy, ktor\u00e9 z\u00edskali na zemi skrze jedin\u00e9ho prostredn\u00edka medzi Bohom a \u013eu\u010fmi, Krista Je\u017ei\u0161a\u2026 Ich bratsk\u00e1 starostlivos\u0165 n\u00e1m teda ve\u013emi pom\u00e1ha v na\u0161ej slabosti.\u201c <em>(KKC 956)<\/em><\/p><\/div>\n\t\t\t\t<\/div>\n\t\t\t\t<\/div>\n\t\t\t\t\t\t<\/div>\n\t\t\t\t\t<\/div>\n\t\t<\/div>\n\t\t\t\t\t\t\t\t<\/div>\n\t\t\t\t\t<\/div>\n\t\t<\/section>\n\t\t\t\t<section class=\"elementor-section elementor-top-section elementor-element elementor-element-146f5b6 elementor-section-boxed elementor-section-height-default elementor-section-height-default\" data-id=\"146f5b6\" data-element_type=\"section\">\n\t\t\t\t\t\t<div class=\"elementor-container elementor-column-gap-default\">\n\t\t\t\t\t\t\t<div class=\"elementor-row\">\n\t\t\t\t\t<div class=\"elementor-column elementor-col-100 elementor-top-column elementor-element elementor-element-c103432\" data-id=\"c103432\" data-element_type=\"column\">\n\t\t\t<div class=\"elementor-column-wrap elementor-element-populated\">\n\t\t\t\t\t\t\t<div class=\"elementor-widget-wrap\">\n\t\t\t\t\t\t<div class=\"elementor-element elementor-element-ce88ae3 elementor-widget elementor-widget-spacer\" data-id=\"ce88ae3\" data-element_type=\"widget\" data-widget_type=\"spacer.default\">\n\t\t\t\t<div class=\"elementor-widget-container\">\n\t\t\t\t\t<div class=\"elementor-spacer\">\n\t\t\t<div class=\"elementor-spacer-inner\"><\/div>\n\t\t<\/div>\n\t\t\t\t<\/div>\n\t\t\t\t<\/div>\n\t\t\t\t\t\t<\/div>\n\t\t\t\t\t<\/div>\n\t\t<\/div>\n\t\t\t\t\t\t\t\t<\/div>\n\t\t\t\t\t<\/div>\n\t\t<\/section>\n\t\t\t\t<section class=\"elementor-section elementor-top-section elementor-element elementor-element-aa45de1 elementor-section-boxed elementor-section-height-default elementor-section-height-default\" data-id=\"aa45de1\" data-element_type=\"section\">\n\t\t\t\t\t\t<div class=\"elementor-container elementor-column-gap-default\">\n\t\t\t\t\t\t\t<div class=\"elementor-row\">\n\t\t\t\t\t<div class=\"elementor-column elementor-col-50 elementor-top-column elementor-element elementor-element-3f62bf5\" data-id=\"3f62bf5\" data-element_type=\"column\">\n\t\t\t<div class=\"elementor-column-wrap elementor-element-populated\">\n\t\t\t\t\t\t\t<div class=\"elementor-widget-wrap\">\n\t\t\t\t\t\t<div class=\"elementor-element elementor-element-7f59b4e elementor-widget elementor-widget-text-editor\" data-id=\"7f59b4e\" data-element_type=\"widget\" data-widget_type=\"text-editor.default\">\n\t\t\t\t<div class=\"elementor-widget-container\">\n\t\t\t\t\t<div class=\"elementor-text-editor elementor-clearfix\"><p><strong>Sv\u00e4t\u00fd Jozef<\/strong><br \/>sl\u00e1vnos\u0165: 19. marec\u00a0<\/p><p>Sv\u00e4t\u00fd Jozef, oroduj za n\u00e1s a\u00a0vypros n\u00e1m prav\u00e9ho ducha spolo\u010denstva a\u00a0milos\u0165 sv\u00e4tej smrti.<\/p><p>V\u0161emoh\u00faci Bo\u017ee, ty si svojho Syna a jeho panensk\u00fa matku zveril vernej ochrane sv\u00e4t\u00e9ho Jozefa; daj, pros\u00edme, aby tvoja Cirkev, pod ochranou P\u00e1novho pest\u00fana, ustavi\u010dne pracovala na sp\u00e1se v\u0161etk\u00fdch \u013eud\u00ed. Skrze n\u00e1\u0161ho P\u00e1na Je\u017ei\u0161a Krista, tvojho Syna, ktor\u00fd je Boh a s tebou \u017eije a kra\u013euje v jednote s Duchom Sv\u00e4t\u00fdm po v\u0161etky veky vekov. Amen.<\/p><\/div>\n\t\t\t\t<\/div>\n\t\t\t\t<\/div>\n\t\t\t\t\t\t<\/div>\n\t\t\t\t\t<\/div>\n\t\t<\/div>\n\t\t\t\t<div class=\"elementor-column elementor-col-50 elementor-top-column elementor-element elementor-element-35e7cb4\" data-id=\"35e7cb4\" data-element_type=\"column\">\n\t\t\t<div class=\"elementor-column-wrap elementor-element-populated\">\n\t\t\t\t\t\t\t<div class=\"elementor-widget-wrap\">\n\t\t\t\t\t\t<div class=\"elementor-element elementor-element-bbcff3e elementor-widget elementor-widget-image\" data-id=\"bbcff3e\" data-element_type=\"widget\" data-widget_type=\"image.default\">\n\t\t\t\t<div class=\"elementor-widget-container\">\n\t\t\t\t\t<div class=\"elementor-image\">\n\t\t\t\t\t\t\t\t\t\t<img width=\"196\" height=\"300\" src=\"https:\/\/www.sdr.sk\/wp-content\/uploads\/2020\/12\/sv.-Jozef-196x300.jpg\" class=\"attachment-medium size-medium\" alt=\"\" loading=\"lazy\" \/>\t\t\t\t\t\t\t\t\t\t\t<\/div>\n\t\t\t\t<\/div>\n\t\t\t\t<\/div>\n\t\t\t\t\t\t<\/div>\n\t\t\t\t\t<\/div>\n\t\t<\/div>\n\t\t\t\t\t\t\t\t<\/div>\n\t\t\t\t\t<\/div>\n\t\t<\/section>\n\t\t\t\t<section class=\"elementor-section elementor-top-section elementor-element elementor-element-6a06d3a elementor-section-boxed elementor-section-height-default elementor-section-height-default\" data-id=\"6a06d3a\" data-element_type=\"section\">\n\t\t\t\t\t\t<div class=\"elementor-container elementor-column-gap-default\">\n\t\t\t\t\t\t\t<div class=\"elementor-row\">\n\t\t\t\t\t<div class=\"elementor-column elementor-col-100 elementor-top-column elementor-element elementor-element-a52423e\" data-id=\"a52423e\" data-element_type=\"column\">\n\t\t\t<div class=\"elementor-column-wrap elementor-element-populated\">\n\t\t\t\t\t\t\t<div class=\"elementor-widget-wrap\">\n\t\t\t\t\t\t<div class=\"elementor-element elementor-element-e437745 elementor-widget elementor-widget-spacer\" data-id=\"e437745\" data-element_type=\"widget\" data-widget_type=\"spacer.default\">\n\t\t\t\t<div class=\"elementor-widget-container\">\n\t\t\t\t\t<div class=\"elementor-spacer\">\n\t\t\t<div class=\"elementor-spacer-inner\"><\/div>\n\t\t<\/div>\n\t\t\t\t<\/div>\n\t\t\t\t<\/div>\n\t\t\t\t\t\t<\/div>\n\t\t\t\t\t<\/div>\n\t\t<\/div>\n\t\t\t\t\t\t\t\t<\/div>\n\t\t\t\t\t<\/div>\n\t\t<\/section>\n\t\t\t\t<section class=\"elementor-section elementor-top-section elementor-element elementor-element-49a767a elementor-section-boxed elementor-section-height-default elementor-section-height-default\" data-id=\"49a767a\" data-element_type=\"section\">\n\t\t\t\t\t\t<div class=\"elementor-container elementor-column-gap-default\">\n\t\t\t\t\t\t\t<div class=\"elementor-row\">\n\t\t\t\t\t<div class=\"elementor-column elementor-col-50 elementor-top-column elementor-element elementor-element-7226c8c\" data-id=\"7226c8c\" data-element_type=\"column\">\n\t\t\t<div class=\"elementor-column-wrap elementor-element-populated\">\n\t\t\t\t\t\t\t<div class=\"elementor-widget-wrap\">\n\t\t\t\t\t\t<div class=\"elementor-element elementor-element-0902566 elementor-widget elementor-widget-text-editor\" data-id=\"0902566\" data-element_type=\"widget\" data-widget_type=\"text-editor.default\">\n\t\t\t\t<div class=\"elementor-widget-container\">\n\t\t\t\t\t<div class=\"elementor-text-editor elementor-clearfix\"><p><strong>Sv\u00e4t\u00fd Alfonz M\u00e1ria de Liguori<\/strong><br \/>sl\u00e1vnos\u0165: 1. august<\/p><p>Sv\u00e4t\u00fd Alfonz, oroduj za n\u00e1s a vypros n\u00e1m prav\u00fa \u00factu k Panne M\u00e1rii a pom\u00e1haj n\u00e1m v z\u00e1le\u017eitostiach kongreg\u00e1cie. Dobrotiv\u00fd Bo\u017ee, svojej Cirkvi st\u00e1le ude\u013euje\u0161 nov\u00e9 vzory \u010dnost\u00ed; daj, aby sme v horlivosti za sp\u00e1su du\u0161\u00ed kr\u00e1\u010dali po stop\u00e1ch sv\u00e4t\u00e9ho biskupa Alfonza a dosiahli s n\u00edm ve\u010dn\u00fa odmenu. Skrze n\u00e1\u0161ho P\u00e1na Je\u017ei\u0161a Krista, tvojho Syna, ktor\u00fd je Boh a s tebou \u017eije a kra\u013euje v jednote s Duchom Sv\u00e4t\u00fdm po v\u0161etky veky vekov. Amen.<\/p><\/div>\n\t\t\t\t<\/div>\n\t\t\t\t<\/div>\n\t\t\t\t\t\t<\/div>\n\t\t\t\t\t<\/div>\n\t\t<\/div>\n\t\t\t\t<div class=\"elementor-column elementor-col-50 elementor-top-column elementor-element elementor-element-80c72bf\" data-id=\"80c72bf\" data-element_type=\"column\">\n\t\t\t<div class=\"elementor-column-wrap elementor-element-populated\">\n\t\t\t\t\t\t\t<div class=\"elementor-widget-wrap\">\n\t\t\t\t\t\t<div class=\"elementor-element elementor-element-9b1ae42 elementor-widget elementor-widget-image\" data-id=\"9b1ae42\" data-element_type=\"widget\" data-widget_type=\"image.default\">\n\t\t\t\t<div class=\"elementor-widget-container\">\n\t\t\t\t\t<div class=\"elementor-image\">\n\t\t\t\t\t\t\t\t\t\t<img width=\"351\" height=\"482\" src=\"https:\/\/www.sdr.sk\/wp-content\/uploads\/2020\/12\/sv.-Alfonz.jpg\" class=\"attachment-elfie-400x9999 size-elfie-400x9999\" alt=\"\" loading=\"lazy\" srcset=\"https:\/\/www.sdr.sk\/wp-content\/uploads\/2020\/12\/sv.-Alfonz.jpg 351w, https:\/\/www.sdr.sk\/wp-content\/uploads\/2020\/12\/sv.-Alfonz-218x300.jpg 218w\" sizes=\"(max-width: 351px) 100vw, 351px\" \/>\t\t\t\t\t\t\t\t\t\t\t<\/div>\n\t\t\t\t<\/div>\n\t\t\t\t<\/div>\n\t\t\t\t\t\t<\/div>\n\t\t\t\t\t<\/div>\n\t\t<\/div>\n\t\t\t\t\t\t\t\t<\/div>\n\t\t\t\t\t<\/div>\n\t\t<\/section>\n\t\t\t\t<section class=\"elementor-section elementor-top-section elementor-element elementor-element-c68a0db elementor-section-boxed elementor-section-height-default elementor-section-height-default\" data-id=\"c68a0db\" data-element_type=\"section\">\n\t\t\t\t\t\t<div class=\"elementor-container elementor-column-gap-default\">\n\t\t\t\t\t\t\t<div class=\"elementor-row\">\n\t\t\t\t\t<div class=\"elementor-column elementor-col-100 elementor-top-column elementor-element elementor-element-85e14db\" data-id=\"85e14db\" data-element_type=\"column\">\n\t\t\t<div class=\"elementor-column-wrap elementor-element-populated\">\n\t\t\t\t\t\t\t<div class=\"elementor-widget-wrap\">\n\t\t\t\t\t\t<div class=\"elementor-element elementor-element-d6e0309 elementor-widget elementor-widget-spacer\" data-id=\"d6e0309\" data-element_type=\"widget\" data-widget_type=\"spacer.default\">\n\t\t\t\t<div class=\"elementor-widget-container\">\n\t\t\t\t\t<div class=\"elementor-spacer\">\n\t\t\t<div class=\"elementor-spacer-inner\"><\/div>\n\t\t<\/div>\n\t\t\t\t<\/div>\n\t\t\t\t<\/div>\n\t\t\t\t\t\t<\/div>\n\t\t\t\t\t<\/div>\n\t\t<\/div>\n\t\t\t\t\t\t\t\t<\/div>\n\t\t\t\t\t<\/div>\n\t\t<\/section>\n\t\t\t\t<section class=\"elementor-section elementor-top-section elementor-element elementor-element-2d1a0e7 elementor-section-boxed elementor-section-height-default elementor-section-height-default\" data-id=\"2d1a0e7\" data-element_type=\"section\">\n\t\t\t\t\t\t<div class=\"elementor-container elementor-column-gap-default\">\n\t\t\t\t\t\t\t<div class=\"elementor-row\">\n\t\t\t\t\t<div class=\"elementor-column elementor-col-50 elementor-top-column elementor-element elementor-element-02c215f\" data-id=\"02c215f\" data-element_type=\"column\">\n\t\t\t<div class=\"elementor-column-wrap elementor-element-populated\">\n\t\t\t\t\t\t\t<div class=\"elementor-widget-wrap\">\n\t\t\t\t\t\t<div class=\"elementor-element elementor-element-c9db359 elementor-widget elementor-widget-text-editor\" data-id=\"c9db359\" data-element_type=\"widget\" data-widget_type=\"text-editor.default\">\n\t\t\t\t<div class=\"elementor-widget-container\">\n\t\t\t\t\t<div class=\"elementor-text-editor elementor-clearfix\"><p><strong>Sv\u00e4t\u00e1 Ter\u00e9zia Avilsk\u00e1<\/strong><br \/>povinn\u00e1 spomienka: 15. okt\u00f3ber<\/p><p>Sv\u00e4t\u00e1 Ter\u00e9zia, oroduj za n\u00e1s a\u00a0vypros n\u00e1m ducha modlitby a\u00a0pokory.<\/p><p>V\u0161emoh\u00faci Bo\u017ee, sv\u00e4t\u00fa Ter\u00e9ziu si osvietil Duchom Sv\u00e4t\u00fdm, aby bola v Cirkvi u\u010dite\u013ekou kres\u0165anskej dokonalosti; vr\u00facne \u0165a pros\u00edme, daj n\u00e1m neprestajne \u010derpa\u0165 z jej duchovnej n\u00e1uky a t\u00fa\u017ei\u0165 po pravej sv\u00e4tosti. Skrze n\u00e1\u0161ho P\u00e1na Je\u017ei\u0161a Krista, tvojho Syna, ktor\u00fd je Boh a s tebou \u017eije a kra\u013euje v jednote s Duchom Sv\u00e4t\u00fdm po v\u0161etky veky vekov. Amen.<\/p><\/div>\n\t\t\t\t<\/div>\n\t\t\t\t<\/div>\n\t\t\t\t\t\t<\/div>\n\t\t\t\t\t<\/div>\n\t\t<\/div>\n\t\t\t\t<div class=\"elementor-column elementor-col-50 elementor-top-column elementor-element elementor-element-be6e692\" data-id=\"be6e692\" data-element_type=\"column\">\n\t\t\t<div class=\"elementor-column-wrap elementor-element-populated\">\n\t\t\t\t\t\t\t<div class=\"elementor-widget-wrap\">\n\t\t\t\t\t\t<div class=\"elementor-element elementor-element-350a688 elementor-widget elementor-widget-image\" data-id=\"350a688\" data-element_type=\"widget\" data-widget_type=\"image.default\">\n\t\t\t\t<div class=\"elementor-widget-container\">\n\t\t\t\t\t<div class=\"elementor-image\">\n\t\t\t\t\t\t\t\t\t\t<img width=\"350\" height=\"535\" src=\"https:\/\/www.sdr.sk\/wp-content\/uploads\/2020\/12\/sv.-Terezia.jpg\" class=\"attachment-elfie-400x9999 size-elfie-400x9999\" alt=\"\" loading=\"lazy\" srcset=\"https:\/\/www.sdr.sk\/wp-content\/uploads\/2020\/12\/sv.-Terezia.jpg 350w, https:\/\/www.sdr.sk\/wp-content\/uploads\/2020\/12\/sv.-Terezia-196x300.jpg 196w\" sizes=\"(max-width: 350px) 100vw, 350px\" \/>\t\t\t\t\t\t\t\t\t\t\t<\/div>\n\t\t\t\t<\/div>\n\t\t\t\t<\/div>\n\t\t\t\t\t\t<\/div>\n\t\t\t\t\t<\/div>\n\t\t<\/div>\n\t\t\t\t\t\t\t\t<\/div>\n\t\t\t\t\t<\/div>\n\t\t<\/section>\n\t\t\t\t<section class=\"elementor-section elementor-top-section elementor-element elementor-element-ed4b699 elementor-section-boxed elementor-section-height-default elementor-section-height-default\" data-id=\"ed4b699\" data-element_type=\"section\">\n\t\t\t\t\t\t<div class=\"elementor-container elementor-column-gap-default\">\n\t\t\t\t\t\t\t<div class=\"elementor-row\">\n\t\t\t\t\t<div class=\"elementor-column elementor-col-100 elementor-top-column elementor-element elementor-element-f68fe1e\" data-id=\"f68fe1e\" data-element_type=\"column\">\n\t\t\t<div class=\"elementor-column-wrap elementor-element-populated\">\n\t\t\t\t\t\t\t<div class=\"elementor-widget-wrap\">\n\t\t\t\t\t\t<div class=\"elementor-element elementor-element-4977eb7 elementor-widget elementor-widget-spacer\" data-id=\"4977eb7\" data-element_type=\"widget\" data-widget_type=\"spacer.default\">\n\t\t\t\t<div class=\"elementor-widget-container\">\n\t\t\t\t\t<div class=\"elementor-spacer\">\n\t\t\t<div class=\"elementor-spacer-inner\"><\/div>\n\t\t<\/div>\n\t\t\t\t<\/div>\n\t\t\t\t<\/div>\n\t\t\t\t\t\t<\/div>\n\t\t\t\t\t<\/div>\n\t\t<\/div>\n\t\t\t\t\t\t\t\t<\/div>\n\t\t\t\t\t<\/div>\n\t\t<\/section>\n\t\t\t\t<section class=\"elementor-section elementor-top-section elementor-element elementor-element-674957b elementor-section-boxed elementor-section-height-default elementor-section-height-default\" data-id=\"674957b\" data-element_type=\"section\">\n\t\t\t\t\t\t<div class=\"elementor-container elementor-column-gap-default\">\n\t\t\t\t\t\t\t<div class=\"elementor-row\">\n\t\t\t\t\t<div class=\"elementor-column elementor-col-50 elementor-top-column elementor-element elementor-element-43088f4\" data-id=\"43088f4\" data-element_type=\"column\">\n\t\t\t<div class=\"elementor-column-wrap elementor-element-populated\">\n\t\t\t\t\t\t\t<div class=\"elementor-widget-wrap\">\n\t\t\t\t\t\t<div class=\"elementor-element elementor-element-4d1d20d elementor-widget elementor-widget-text-editor\" data-id=\"4d1d20d\" data-element_type=\"widget\" data-widget_type=\"text-editor.default\">\n\t\t\t\t<div class=\"elementor-widget-container\">\n\t\t\t\t\t<div class=\"elementor-text-editor elementor-clearfix\"><p><strong>Sv\u00e4t\u00e1 Al\u017ebeta Uhorsk\u00e1<\/strong><br \/>povinn\u00e1 spomienka: 17. november<\/p><p>Sv\u00e4t\u00e1 Al\u017ebeta, oroduj za n\u00e1s a\u00a0vypros n\u00e1m ducha sv\u00e4tej chudoby a\u00a0milosrdnej l\u00e1sky.<\/p><p>Bo\u017ee, otec chudobn\u00fdch, sv\u00e4tej Al\u017ebete si udelil milos\u0165, \u017ee v chudobn\u00fdch videla a uctievala sam\u00e9ho Krista; na jej orodovanie dopraj aj n\u00e1m, aby sme s ne\u00fanavnou l\u00e1skou pom\u00e1hali chudobn\u00fdm a trpiacim. Skrze n\u00e1\u0161ho P\u00e1na Je\u017ei\u0161a<br \/>Krista, tvojho Syna, ktor\u00fd je Boh a s tebou \u017eije a kra\u013euje v jednote s Duchom Sv\u00e4t\u00fdm po v\u0161etky veky vekov. Amen.<\/p><\/div>\n\t\t\t\t<\/div>\n\t\t\t\t<\/div>\n\t\t\t\t\t\t<\/div>\n\t\t\t\t\t<\/div>\n\t\t<\/div>\n\t\t\t\t<div class=\"elementor-column elementor-col-50 elementor-top-column elementor-element elementor-element-cf6ff58\" data-id=\"cf6ff58\" data-element_type=\"column\">\n\t\t\t<div class=\"elementor-column-wrap elementor-element-populated\">\n\t\t\t\t\t\t\t<div class=\"elementor-widget-wrap\">\n\t\t\t\t\t\t<div class=\"elementor-element elementor-element-21538b4 elementor-widget elementor-widget-image\" data-id=\"21538b4\" data-element_type=\"widget\" data-widget_type=\"image.default\">\n\t\t\t\t<div class=\"elementor-widget-container\">\n\t\t\t\t\t<div class=\"elementor-image\">\n\t\t\t\t\t\t\t\t\t\t<img width=\"500\" height=\"509\" src=\"https:\/\/www.sdr.sk\/wp-content\/uploads\/2020\/12\/sv.-Alzbeta.jpg\" class=\"attachment-1536x1536 size-1536x1536\" alt=\"\" loading=\"lazy\" srcset=\"https:\/\/www.sdr.sk\/wp-content\/uploads\/2020\/12\/sv.-Alzbeta.jpg 500w, https:\/\/www.sdr.sk\/wp-content\/uploads\/2020\/12\/sv.-Alzbeta-295x300.jpg 295w, https:\/\/www.sdr.sk\/wp-content\/uploads\/2020\/12\/sv.-Alzbeta-400x407.jpg 400w\" sizes=\"(max-width: 500px) 100vw, 500px\" \/>\t\t\t\t\t\t\t\t\t\t\t<\/div>\n\t\t\t\t<\/div>\n\t\t\t\t<\/div>\n\t\t\t\t\t\t<\/div>\n\t\t\t\t\t<\/div>\n\t\t<\/div>\n\t\t\t\t\t\t\t\t<\/div>\n\t\t\t\t\t<\/div>\n\t\t<\/section>\n\t\t\t\t<section class=\"elementor-section elementor-top-section elementor-element elementor-element-58a5993 elementor-section-boxed elementor-section-height-default elementor-section-height-default\" data-id=\"58a5993\" data-element_type=\"section\">\n\t\t\t\t\t\t<div class=\"elementor-container elementor-column-gap-default\">\n\t\t\t\t\t\t\t<div class=\"elementor-row\">\n\t\t\t\t\t<div class=\"elementor-column elementor-col-100 elementor-top-column elementor-element elementor-element-c64f9ef\" data-id=\"c64f9ef\" data-element_type=\"column\">\n\t\t\t<div class=\"elementor-column-wrap elementor-element-populated\">\n\t\t\t\t\t\t\t<div class=\"elementor-widget-wrap\">\n\t\t\t\t\t\t<div class=\"elementor-element elementor-element-b87164e elementor-widget elementor-widget-spacer\" data-id=\"b87164e\" data-element_type=\"widget\" data-widget_type=\"spacer.default\">\n\t\t\t\t<div class=\"elementor-widget-container\">\n\t\t\t\t\t<div class=\"elementor-spacer\">\n\t\t\t<div class=\"elementor-spacer-inner\"><\/div>\n\t\t<\/div>\n\t\t\t\t<\/div>\n\t\t\t\t<\/div>\n\t\t\t\t\t\t<\/div>\n\t\t\t\t\t<\/div>\n\t\t<\/div>\n\t\t\t\t\t\t\t\t<\/div>\n\t\t\t\t\t<\/div>\n\t\t<\/section>\n\t\t\t\t<section class=\"elementor-section elementor-top-section elementor-element elementor-element-f21f223 elementor-section-boxed elementor-section-height-default elementor-section-height-default\" data-id=\"f21f223\" data-element_type=\"section\">\n\t\t\t\t\t\t<div class=\"elementor-container elementor-column-gap-default\">\n\t\t\t\t\t\t\t<div class=\"elementor-row\">\n\t\t\t\t\t<div class=\"elementor-column elementor-col-50 elementor-top-column elementor-element elementor-element-04e811b\" data-id=\"04e811b\" data-element_type=\"column\">\n\t\t\t<div class=\"elementor-column-wrap elementor-element-populated\">\n\t\t\t\t\t\t\t<div class=\"elementor-widget-wrap\">\n\t\t\t\t\t\t<div class=\"elementor-element elementor-element-7610950 elementor-widget elementor-widget-text-editor\" data-id=\"7610950\" data-element_type=\"widget\" data-widget_type=\"text-editor.default\">\n\t\t\t\t<div class=\"elementor-widget-container\">\n\t\t\t\t\t<div class=\"elementor-text-editor elementor-clearfix\"><p><strong>Sv\u00e4t\u00fd J\u00e1n Krstite\u013e de la Salle<\/strong><br \/>povinn\u00e1 spomienka: 7. apr\u00edl<\/p><p>Sv\u00e4t\u00fd J\u00e1n de la Salle, oroduj za n\u00e1s a vypros n\u00e1m milos\u0165, aby sme svojimi obetami zachra\u0148ovali ml\u00e1de\u017e a du\u0161e, ktor\u00e9 s\u00fa n\u00e1m zveren\u00e9.\u00a0<\/p><p>Dobrotiv\u00fd Bo\u017ee, ty si vyvolil sv\u00e4t\u00e9ho k\u0148aza J\u00e1na de la Salle, aby viedol kres\u0165ansk\u00fa ml\u00e1de\u017e po ceste sp\u00e1sy; pros\u00edme \u0165a, vzbu\u010f vo svojej Cirkvi vychov\u00e1vate\u013eov, ktor\u00ed by sa cel\u00fdm srdcom venovali ml\u00e1de\u017ei a vychov\u00e1vali dobr\u00fdch ob\u010danov a\u00a0prav\u00fdch kres\u0165anov. Skrze n\u00e1\u0161ho P\u00e1na Je\u017ei\u0161a Krista, tvojho Syna, ktor\u00fd je Boh a s tebou \u017eije a kra\u013euje v jednote<br \/>s\u00a0Duchom Sv\u00e4t\u00fdm po v\u0161etky veky vekov. Amen.<\/p><\/div>\n\t\t\t\t<\/div>\n\t\t\t\t<\/div>\n\t\t\t\t\t\t<\/div>\n\t\t\t\t\t<\/div>\n\t\t<\/div>\n\t\t\t\t<div class=\"elementor-column elementor-col-50 elementor-top-column elementor-element elementor-element-87bb93e\" data-id=\"87bb93e\" data-element_type=\"column\">\n\t\t\t<div class=\"elementor-column-wrap elementor-element-populated\">\n\t\t\t\t\t\t\t<div class=\"elementor-widget-wrap\">\n\t\t\t\t\t\t<div class=\"elementor-element elementor-element-c349386 elementor-widget elementor-widget-image\" data-id=\"c349386\" data-element_type=\"widget\" data-widget_type=\"image.default\">\n\t\t\t\t<div class=\"elementor-widget-container\">\n\t\t\t\t\t<div class=\"elementor-image\">\n\t\t\t\t\t\t\t\t\t\t<img width=\"370\" height=\"500\" src=\"https:\/\/www.sdr.sk\/wp-content\/uploads\/2020\/12\/sv.-Jan-de-la-Salle.jpg\" class=\"attachment-elfie-400x9999 size-elfie-400x9999\" alt=\"\" loading=\"lazy\" srcset=\"https:\/\/www.sdr.sk\/wp-content\/uploads\/2020\/12\/sv.-Jan-de-la-Salle.jpg 370w, https:\/\/www.sdr.sk\/wp-content\/uploads\/2020\/12\/sv.-Jan-de-la-Salle-222x300.jpg 222w\" sizes=\"(max-width: 370px) 100vw, 370px\" \/>\t\t\t\t\t\t\t\t\t\t\t<\/div>\n\t\t\t\t<\/div>\n\t\t\t\t<\/div>\n\t\t\t\t\t\t<\/div>\n\t\t\t\t\t<\/div>\n\t\t<\/div>\n\t\t\t\t\t\t\t\t<\/div>\n\t\t\t\t\t<\/div>\n\t\t<\/section>\n\t\t\t\t\t\t<\/div>\n\t\t\t\t\t\t<\/div>\n\t\t\t\t\t<\/div>\n\t\t","protected":false},"excerpt":{"rendered":"<p>PATR\u00d3NI KONGREG\u00c1CIE Patr\u00f3ni kongreg\u00e1cie s\u00fa pre n\u00e1s v\u00fdnimo\u010dn\u00ed \u013eudia, sv\u00e4tci, ktor\u00ed n\u00e1s svoj\u00edm \u017eivotom a cnos\u0165ami in\u0161piruj\u00fa v pre\u017e\u00edvan\u00ed n\u00e1\u0161ho<a class=\"read-more\" href=\"https:\/\/www.sdr.sk\/index.php\/patroni\/\"\/>\u010c\u00edta\u0165 \u010falej<\/a><\/p>\n","protected":false},"author":1,"featured_media":0,"parent":0,"menu_order":0,"comment_status":"closed","ping_status":"closed","template":"page-templates\/template_nosidebar.php","meta":[],"_links":{"self":[{"href":"https:\/\/www.sdr.sk\/index.php\/wp-json\/wp\/v2\/pages\/383"}],"collection":[{"href":"https:\/\/www.sdr.sk\/index.php\/wp-json\/wp\/v2\/pages"}],"about":[{"href":"https:\/\/www.sdr.sk\/index.php\/wp-json\/wp\/v2\/types\/page"}],"author":[{"embeddable":true,"href":"https:\/\/www.sdr.sk\/index.php\/wp-json\/wp\/v2\/users\/1"}],"replies":[{"embeddable":true,"href":"https:\/\/www.sdr.sk\/index.php\/wp-json\/wp\/v2\/comments?post=383"}],"version-history":[{"count":14,"href":"https:\/\/www.sdr.sk\/index.php\/wp-json\/wp\/v2\/pages\/383\/revisions"}],"predecessor-version":[{"id":957,"href":"https:\/\/www.sdr.sk\/index.php\/wp-json\/wp\/v2\/pages\/383\/revisions\/957"}],"wp:attachment":[{"href":"https:\/\/www.sdr.sk\/index.php\/wp-json\/wp\/v2\/media?parent=383"}],"curies":[{"name":"wp","href":"https:\/\/api.w.org\/{rel}","templated":true}]}}