{"id":370,"date":"2020-12-11T14:05:48","date_gmt":"2020-12-11T13:05:48","guid":{"rendered":"https:\/\/wp.sdr.sk\/?page_id=370"},"modified":"2021-05-24T11:28:38","modified_gmt":"2021-05-24T09:28:38","slug":"duchovne-dedicstvo","status":"publish","type":"page","link":"https:\/\/www.sdr.sk\/index.php\/duchovne-dedicstvo\/","title":{"rendered":"DUCHOVN\u00c9 DEDI\u010cSTVO"},"content":{"rendered":"\t\t<div data-elementor-type=\"wp-page\" data-elementor-id=\"370\" class=\"elementor elementor-370\" data-elementor-settings=\"[]\">\n\t\t\t\t\t\t<div class=\"elementor-inner\">\n\t\t\t\t\t\t\t<div class=\"elementor-section-wrap\">\n\t\t\t\t\t\t\t<section class=\"elementor-section elementor-top-section elementor-element elementor-element-2c9f00c elementor-section-boxed elementor-section-height-default elementor-section-height-default\" data-id=\"2c9f00c\" data-element_type=\"section\">\n\t\t\t\t\t\t<div class=\"elementor-container elementor-column-gap-default\">\n\t\t\t\t\t\t\t<div class=\"elementor-row\">\n\t\t\t\t\t<div class=\"elementor-column elementor-col-100 elementor-top-column elementor-element elementor-element-f570fe2\" data-id=\"f570fe2\" data-element_type=\"column\">\n\t\t\t<div class=\"elementor-column-wrap elementor-element-populated\">\n\t\t\t\t\t\t\t<div class=\"elementor-widget-wrap\">\n\t\t\t\t\t\t<div class=\"elementor-element elementor-element-b97832c elementor-widget elementor-widget-text-editor\" data-id=\"b97832c\" data-element_type=\"widget\" data-widget_type=\"text-editor.default\">\n\t\t\t\t<div class=\"elementor-widget-container\">\n\t\t\t\t\t<div class=\"elementor-text-editor elementor-clearfix\"><p style=\"text-align: center;\"><strong>CHARIZMA<\/strong><\/p><p>Charizma Sestier Bo\u017esk\u00e9ho Vykupite\u013ea je zakorenen\u00e1 v\u00a0charizme Matky Alfonzy M\u00e1rie.<br \/>\u00a0\u201eCharizmou matky Alfonzy M\u00e1rie je<br \/>\u00a0 \u00a0&#8211;\u00a0 rozj\u00edma\u0165 o tajomstve vyk\u00fapenia,<br \/>\u00a0 \u00a0&#8211;\u00a0 z neho \u017ei\u0165<br \/>\u00a0 \u00a0&#8211;\u00a0 a pom\u00e1ha\u0165 in\u00fdm n\u00e1js\u0165 pr\u00edstup k tomuto tajomstvu.<br \/>\u00a0Matka Alfonza M\u00e1ria, nadchnut\u00e1 Bo\u017eou l\u00e1skou, sa celou svojou bytos\u0165ou c\u00edti Bohom osobne prijat\u00e1 a spolu so v\u0161etk\u00fdmi \u013eu\u010fmi n\u00edm milovan\u00e1. S neotrasite\u013enou vierou sa otv\u00e1ra nekone\u010dnej l\u00e1ske a Bo\u017eiemu milosrdenstvu, ktor\u00e9 sa zjavuj\u00fa v Je\u017ei\u0161ovi Kristovi. Jej vn\u00fatornou t\u00fa\u017ebou je, aby \u010dlovek ok\u00fasil, ako ve\u013emi ho Boh miluje a chce jeho prav\u00e9 \u0161\u0165astie a sp\u00e1su.\u201c <em>(K3)<\/em><\/p><p>T\u00fato charizmu chceme zachova\u0165 a rozv\u00edja\u0165 v tvorivej vernosti daru Ducha Sv\u00e4t\u00e9ho.<\/p><p style=\"text-align: center;\"><strong>SPIRITUALITA<\/strong><\/p><p style=\"text-align: left;\">\u201eZakladate\u013eka matka Alfonza M\u00e1ria, pob\u00e1dan\u00e1 charizmatick\u00fdm povolan\u00edm, dala kongreg\u00e1cii tak\u00fd duchovn\u00fd z\u00e1klad, ktor\u00fd m\u00e1 prenika\u0165 i n\u00e1s. \u00bbDuch dc\u00e9r Bo\u017esk\u00e9ho Vykupite\u013ea m\u00e1 by\u0165 Duchom Je\u017ei\u0161a Krista. Cel\u00fd ich \u017eivot m\u00e1 by\u0165 nasmerovan\u00fd pod\u013ea tohto bo\u017esk\u00e9ho vzoru. Jeho Duch ich m\u00e1 celkom o\u017eivova\u0165 a tak \u00faplne prenikn\u00fa\u0165, aby sa prejavoval vo v\u0161etk\u00fdch ich slov\u00e1ch a skutkoch, aby ka\u017ed\u00e1 sestra mohla poveda\u0165 s apo\u0161tolom: \u201aU\u017e ne\u017eijem ja, ale vo mne \u017eije Kristus\u2018 (Gal 2, 20),\u00a0aby sa tak v celom jej byt\u00ed zjavoval \u017eivot Je\u017ei\u0161a Krista\u00ab\u00a0<em>(porov. Prv\u00e9 pravidl\u00e1 1, III).\u201c\u00a0(K4)<\/em><\/p><p>\u00a0<\/p><p style=\"text-align: center;\"><strong>VYK\u00daPENIE<\/strong><\/p><p>Je\u017ei\u0161 Kristus Vykupite\u013e \u010dloveka je svoj\u00edm vtelen\u00edm, \u017eivotom, smr\u0165ou na kr\u00ed\u017ei a zm\u0155tvychvstan\u00edm nevy\u010derpate\u013en\u00fdm prame\u0148om v\u0161etk\u00fdch darov milost\u00ed, ktor\u00e9 s\u00fa n\u00e1m darovan\u00e9 Bo\u017e\u00edm milosrdenstvom. Vyk\u00fapenie na ceste dej\u00edn st\u00e1le p\u00f4sob\u00ed tak na jednotlivca, ako aj na cel\u00e9 stvorenie. Sme povolan\u00e9 cel\u00fd svoj \u017eivot da\u0165 do slu\u017eby vyk\u00fapenia. N\u00e1\u0161 \u017eivot je zalo\u017een\u00fd na Bo\u017eej l\u00e1ske, ktor\u00e1 sa zjavila v Je\u017ei\u0161ovi Kristovi. To n\u00e1s uschop\u0148uje \u017ei\u0165 z tajomstva vyk\u00fapenia v radosti a slobode. Na\u0161ou \u00falohou je da\u0165 \u013eu\u010fom ok\u00fasi\u0165, \u017ee Kristovo sp\u00e1sonosn\u00e9 dielo sa nap\u013a\u0148a u\u017e teraz.\u00a0<em>(por. K 2;6)<\/em><\/p><p><em>\u00a0 \u00a0<\/em><\/p><\/div>\n\t\t\t\t<\/div>\n\t\t\t\t<\/div>\n\t\t\t\t\t\t<\/div>\n\t\t\t\t\t<\/div>\n\t\t<\/div>\n\t\t\t\t\t\t\t\t<\/div>\n\t\t\t\t\t<\/div>\n\t\t<\/section>\n\t\t\t\t<section class=\"elementor-section elementor-top-section elementor-element elementor-element-160164b elementor-section-boxed elementor-section-height-default elementor-section-height-default\" data-id=\"160164b\" data-element_type=\"section\">\n\t\t\t\t\t\t<div class=\"elementor-container elementor-column-gap-default\">\n\t\t\t\t\t\t\t<div class=\"elementor-row\">\n\t\t\t\t\t<div class=\"elementor-column elementor-col-100 elementor-top-column elementor-element elementor-element-ccf130c\" data-id=\"ccf130c\" data-element_type=\"column\">\n\t\t\t<div class=\"elementor-column-wrap elementor-element-populated\">\n\t\t\t\t\t\t\t<div class=\"elementor-widget-wrap\">\n\t\t\t\t\t\t<div class=\"elementor-element elementor-element-f5d66e5 elementor-widget elementor-widget-image-gallery\" data-id=\"f5d66e5\" data-element_type=\"widget\" data-widget_type=\"image-gallery.default\">\n\t\t\t\t<div class=\"elementor-widget-container\">\n\t\t\t\t\t<div class=\"elementor-image-gallery\">\n\t\t\t<div id='gallery-1' class='gallery galleryid-370 gallery-columns-3 gallery-size-elfie-400x400'><figure class='gallery-item'>\n\t\t\t<div class='gallery-icon portrait'>\n\t\t\t\t<a data-elementor-open-lightbox=\"yes\" data-elementor-lightbox-slideshow=\"f5d66e5\" data-elementor-lightbox-title=\"Charizma\" href='https:\/\/www.sdr.sk\/wp-content\/uploads\/2020\/12\/Charizma.jpg'><img width=\"400\" height=\"400\" src=\"https:\/\/www.sdr.sk\/wp-content\/uploads\/2020\/12\/Charizma-400x400.jpg\" class=\"attachment-elfie-400x400 size-elfie-400x400\" alt=\"\" loading=\"lazy\" srcset=\"https:\/\/www.sdr.sk\/wp-content\/uploads\/2020\/12\/Charizma-400x400.jpg 400w, https:\/\/www.sdr.sk\/wp-content\/uploads\/2020\/12\/Charizma-150x150.jpg 150w\" sizes=\"(max-width: 400px) 100vw, 400px\" \/><\/a>\n\t\t\t<\/div><\/figure><figure class='gallery-item'>\n\t\t\t<div class='gallery-icon portrait'>\n\t\t\t\t<a data-elementor-open-lightbox=\"yes\" data-elementor-lightbox-slideshow=\"f5d66e5\" data-elementor-lightbox-title=\"Spiritualita\" href='https:\/\/www.sdr.sk\/wp-content\/uploads\/2020\/12\/Spiritualita.jpg'><img width=\"400\" height=\"400\" src=\"https:\/\/www.sdr.sk\/wp-content\/uploads\/2020\/12\/Spiritualita-400x400.jpg\" class=\"attachment-elfie-400x400 size-elfie-400x400\" alt=\"\" loading=\"lazy\" srcset=\"https:\/\/www.sdr.sk\/wp-content\/uploads\/2020\/12\/Spiritualita-400x400.jpg 400w, https:\/\/www.sdr.sk\/wp-content\/uploads\/2020\/12\/Spiritualita-150x150.jpg 150w\" sizes=\"(max-width: 400px) 100vw, 400px\" \/><\/a>\n\t\t\t<\/div><\/figure><figure class='gallery-item'>\n\t\t\t<div class='gallery-icon landscape'>\n\t\t\t\t<a data-elementor-open-lightbox=\"yes\" data-elementor-lightbox-slideshow=\"f5d66e5\" data-elementor-lightbox-title=\"Vyk\u00fapenie\" href='https:\/\/www.sdr.sk\/wp-content\/uploads\/2020\/12\/Vykupenie-scaled.jpg'><img width=\"400\" height=\"400\" src=\"https:\/\/www.sdr.sk\/wp-content\/uploads\/2020\/12\/Vykupenie-400x400.jpg\" class=\"attachment-elfie-400x400 size-elfie-400x400\" alt=\"\" loading=\"lazy\" srcset=\"https:\/\/www.sdr.sk\/wp-content\/uploads\/2020\/12\/Vykupenie-400x400.jpg 400w, https:\/\/www.sdr.sk\/wp-content\/uploads\/2020\/12\/Vykupenie-150x150.jpg 150w\" sizes=\"(max-width: 400px) 100vw, 400px\" \/><\/a>\n\t\t\t<\/div><\/figure>\n\t\t<\/div>\n\t\t<\/div>\n\t\t\t\t<\/div>\n\t\t\t\t<\/div>\n\t\t\t\t\t\t<\/div>\n\t\t\t\t\t<\/div>\n\t\t<\/div>\n\t\t\t\t\t\t\t\t<\/div>\n\t\t\t\t\t<\/div>\n\t\t<\/section>\n\t\t\t\t\t\t<\/div>\n\t\t\t\t\t\t<\/div>\n\t\t\t\t\t<\/div>\n\t\t","protected":false},"excerpt":{"rendered":"<p>CHARIZMA Charizma Sestier Bo\u017esk\u00e9ho Vykupite\u013ea je zakorenen\u00e1 v\u00a0charizme Matky Alfonzy M\u00e1rie.\u00a0\u201eCharizmou matky Alfonzy M\u00e1rie je\u00a0 \u00a0&#8211;\u00a0 rozj\u00edma\u0165 o tajomstve vyk\u00fapenia,\u00a0<a class=\"read-more\" href=\"https:\/\/www.sdr.sk\/index.php\/duchovne-dedicstvo\/\"\/>\u010c\u00edta\u0165 \u010falej<\/a><\/p>\n","protected":false},"author":1,"featured_media":0,"parent":0,"menu_order":0,"comment_status":"closed","ping_status":"closed","template":"page-templates\/template_nosidebar.php","meta":[],"_links":{"self":[{"href":"https:\/\/www.sdr.sk\/index.php\/wp-json\/wp\/v2\/pages\/370"}],"collection":[{"href":"https:\/\/www.sdr.sk\/index.php\/wp-json\/wp\/v2\/pages"}],"about":[{"href":"https:\/\/www.sdr.sk\/index.php\/wp-json\/wp\/v2\/types\/page"}],"author":[{"embeddable":true,"href":"https:\/\/www.sdr.sk\/index.php\/wp-json\/wp\/v2\/users\/1"}],"replies":[{"embeddable":true,"href":"https:\/\/www.sdr.sk\/index.php\/wp-json\/wp\/v2\/comments?post=370"}],"version-history":[{"count":10,"href":"https:\/\/www.sdr.sk\/index.php\/wp-json\/wp\/v2\/pages\/370\/revisions"}],"predecessor-version":[{"id":964,"href":"https:\/\/www.sdr.sk\/index.php\/wp-json\/wp\/v2\/pages\/370\/revisions\/964"}],"wp:attachment":[{"href":"https:\/\/www.sdr.sk\/index.php\/wp-json\/wp\/v2\/media?parent=370"}],"curies":[{"name":"wp","href":"https:\/\/api.w.org\/{rel}","templated":true}]}}