{"id":35,"date":"2020-11-25T15:41:29","date_gmt":"2020-11-25T14:41:29","guid":{"rendered":"https:\/\/wp.sdr.sk\/?page_id=35"},"modified":"2021-03-16T14:13:53","modified_gmt":"2021-03-16T13:13:53","slug":"domov","status":"publish","type":"page","link":"https:\/\/www.sdr.sk\/","title":{"rendered":"DOMOV"},"content":{"rendered":"\t\t<div data-elementor-type=\"wp-page\" data-elementor-id=\"35\" class=\"elementor elementor-35\" data-elementor-settings=\"[]\">\n\t\t\t\t\t\t<div class=\"elementor-inner\">\n\t\t\t\t\t\t\t<div class=\"elementor-section-wrap\">\n\t\t\t\t\t\t\t<section class=\"elementor-section elementor-top-section elementor-element elementor-element-83dd7c2 elementor-section-full_width elementor-section-height-default elementor-section-height-default\" data-id=\"83dd7c2\" data-element_type=\"section\">\n\t\t\t\t\t\t<div class=\"elementor-container elementor-column-gap-default\">\n\t\t\t\t\t\t\t<div class=\"elementor-row\">\n\t\t\t\t\t<div class=\"elementor-column elementor-col-100 elementor-top-column elementor-element elementor-element-24b503f\" data-id=\"24b503f\" data-element_type=\"column\">\n\t\t\t<div class=\"elementor-column-wrap elementor-element-populated\">\n\t\t\t\t\t\t\t<div class=\"elementor-widget-wrap\">\n\t\t\t\t\t\t<div class=\"elementor-element elementor-element-291c9b1 elementor-arrows-position-inside elementor-pagination-position-outside elementor-invisible elementor-widget elementor-widget-image-carousel\" data-id=\"291c9b1\" data-element_type=\"widget\" data-settings=\"{&quot;slides_to_show&quot;:&quot;1&quot;,&quot;_animation&quot;:&quot;fadeIn&quot;,&quot;navigation&quot;:&quot;both&quot;,&quot;autoplay&quot;:&quot;yes&quot;,&quot;pause_on_hover&quot;:&quot;yes&quot;,&quot;pause_on_interaction&quot;:&quot;yes&quot;,&quot;autoplay_speed&quot;:5000,&quot;infinite&quot;:&quot;yes&quot;,&quot;effect&quot;:&quot;slide&quot;,&quot;speed&quot;:500}\" data-widget_type=\"image-carousel.default\">\n\t\t\t\t<div class=\"elementor-widget-container\">\n\t\t\t\t\t<div class=\"elementor-image-carousel-wrapper swiper-container\" dir=\"ltr\">\n\t\t\t<div class=\"elementor-image-carousel swiper-wrapper swiper-image-stretch\">\n\t\t\t\t<div class=\"swiper-slide\"><figure class=\"swiper-slide-inner\"><img class=\"swiper-slide-image\" src=\"https:\/\/www.sdr.sk\/wp-content\/uploads\/2021\/01\/1-01.jpg\" alt=\"1-01\" \/><\/figure><\/div><div class=\"swiper-slide\"><figure class=\"swiper-slide-inner\"><img class=\"swiper-slide-image\" src=\"https:\/\/www.sdr.sk\/wp-content\/uploads\/2021\/01\/2-scaled.jpg\" alt=\"2\" \/><\/figure><\/div><div class=\"swiper-slide\"><figure class=\"swiper-slide-inner\"><img class=\"swiper-slide-image\" src=\"https:\/\/www.sdr.sk\/wp-content\/uploads\/2021\/01\/3-01.jpg\" alt=\"3-01\" \/><\/figure><\/div><div class=\"swiper-slide\"><figure class=\"swiper-slide-inner\"><img class=\"swiper-slide-image\" src=\"https:\/\/www.sdr.sk\/wp-content\/uploads\/2021\/01\/4-01.jpg\" alt=\"4-01\" \/><\/figure><\/div><div class=\"swiper-slide\"><figure class=\"swiper-slide-inner\"><img class=\"swiper-slide-image\" src=\"https:\/\/www.sdr.sk\/wp-content\/uploads\/2021\/01\/5-01.jpg\" alt=\"5-01\" \/><\/figure><\/div>\t\t\t<\/div>\n\t\t\t\t\t\t\t\t\t\t\t\t<div class=\"swiper-pagination\"><\/div>\n\t\t\t\t\t\t\t\t\t\t\t\t\t<div class=\"elementor-swiper-button elementor-swiper-button-prev\">\n\t\t\t\t\t\t<i class=\"eicon-chevron-left\" aria-hidden=\"true\"><\/i>\n\t\t\t\t\t\t<span class=\"elementor-screen-only\">Predo\u0161l\u00e9<\/span>\n\t\t\t\t\t<\/div>\n\t\t\t\t\t<div class=\"elementor-swiper-button elementor-swiper-button-next\">\n\t\t\t\t\t\t<i class=\"eicon-chevron-right\" aria-hidden=\"true\"><\/i>\n\t\t\t\t\t\t<span class=\"elementor-screen-only\">\u010eal\u0161ie<\/span>\n\t\t\t\t\t<\/div>\n\t\t\t\t\t\t\t\t\t<\/div>\n\t\t\t\t<\/div>\n\t\t\t\t<\/div>\n\t\t\t\t\t\t<\/div>\n\t\t\t\t\t<\/div>\n\t\t<\/div>\n\t\t\t\t\t\t\t\t<\/div>\n\t\t\t\t\t<\/div>\n\t\t<\/section>\n\t\t\t\t<section class=\"elementor-section elementor-top-section elementor-element elementor-element-25d4221 elementor-section-boxed elementor-section-height-default elementor-section-height-default\" data-id=\"25d4221\" data-element_type=\"section\">\n\t\t\t\t\t\t<div class=\"elementor-container elementor-column-gap-default\">\n\t\t\t\t\t\t\t<div class=\"elementor-row\">\n\t\t\t\t\t<div class=\"elementor-column elementor-col-100 elementor-top-column elementor-element elementor-element-c786f5e\" data-id=\"c786f5e\" data-element_type=\"column\">\n\t\t\t<div class=\"elementor-column-wrap elementor-element-populated\">\n\t\t\t\t\t\t\t<div class=\"elementor-widget-wrap\">\n\t\t\t\t\t\t<div class=\"elementor-element elementor-element-2251298 elementor-widget elementor-widget-spacer\" data-id=\"2251298\" data-element_type=\"widget\" data-widget_type=\"spacer.default\">\n\t\t\t\t<div class=\"elementor-widget-container\">\n\t\t\t\t\t<div class=\"elementor-spacer\">\n\t\t\t<div class=\"elementor-spacer-inner\"><\/div>\n\t\t<\/div>\n\t\t\t\t<\/div>\n\t\t\t\t<\/div>\n\t\t\t\t\t\t<\/div>\n\t\t\t\t\t<\/div>\n\t\t<\/div>\n\t\t\t\t\t\t\t\t<\/div>\n\t\t\t\t\t<\/div>\n\t\t<\/section>\n\t\t\t\t<section class=\"elementor-section elementor-top-section elementor-element elementor-element-02dff4a elementor-section-boxed elementor-section-height-default elementor-section-height-default\" data-id=\"02dff4a\" data-element_type=\"section\">\n\t\t\t\t\t\t<div class=\"elementor-container elementor-column-gap-default\">\n\t\t\t\t\t\t\t<div class=\"elementor-row\">\n\t\t\t\t\t<div class=\"elementor-column elementor-col-33 elementor-top-column elementor-element elementor-element-705eaf2\" data-id=\"705eaf2\" data-element_type=\"column\">\n\t\t\t<div class=\"elementor-column-wrap elementor-element-populated\">\n\t\t\t\t\t\t\t<div class=\"elementor-widget-wrap\">\n\t\t\t\t\t\t<div class=\"elementor-element elementor-element-4e11b78 elementor-widget elementor-widget-image\" data-id=\"4e11b78\" data-element_type=\"widget\" data-widget_type=\"image.default\">\n\t\t\t\t<div class=\"elementor-widget-container\">\n\t\t\t\t\t<div class=\"elementor-image\">\n\t\t\t\t\t\t\t<figure class=\"wp-caption\">\n\t\t\t\t\t\t\t\t\t\t\t<a href=\"https:\/\/sdr.sk\/index.php\/bl-alfonza-maria\/\">\n\t\t\t\t\t\t\t<img width=\"150\" height=\"150\" src=\"https:\/\/www.sdr.sk\/wp-content\/uploads\/2020\/11\/zakladatelka-01-150x150.png\" class=\"elementor-animation-grow attachment-thumbnail size-thumbnail\" alt=\"\" loading=\"lazy\" srcset=\"https:\/\/www.sdr.sk\/wp-content\/uploads\/2020\/11\/zakladatelka-01-150x150.png 150w, https:\/\/www.sdr.sk\/wp-content\/uploads\/2020\/11\/zakladatelka-01-300x300.png 300w, https:\/\/www.sdr.sk\/wp-content\/uploads\/2020\/11\/zakladatelka-01-1024x1024.png 1024w, https:\/\/www.sdr.sk\/wp-content\/uploads\/2020\/11\/zakladatelka-01-768x768.png 768w, https:\/\/www.sdr.sk\/wp-content\/uploads\/2020\/11\/zakladatelka-01-900x900.png 900w, https:\/\/www.sdr.sk\/wp-content\/uploads\/2020\/11\/zakladatelka-01-400x400.png 400w, https:\/\/www.sdr.sk\/wp-content\/uploads\/2020\/11\/zakladatelka-01.png 1250w\" sizes=\"(max-width: 150px) 100vw, 150px\" \/>\t\t\t\t\t\t\t\t<\/a>\n\t\t\t\t\t\t\t\t\t\t\t<figcaption class=\"widget-image-caption wp-caption-text\">BL. ALFONZA M\u00c1RIA<\/figcaption>\n\t\t\t\t\t\t\t\t\t\t<\/figure>\n\t\t\t\t\t<\/div>\n\t\t\t\t<\/div>\n\t\t\t\t<\/div>\n\t\t\t\t\t\t<\/div>\n\t\t\t\t\t<\/div>\n\t\t<\/div>\n\t\t\t\t<div class=\"elementor-column elementor-col-33 elementor-top-column elementor-element elementor-element-fc2d3eb\" data-id=\"fc2d3eb\" data-element_type=\"column\">\n\t\t\t<div class=\"elementor-column-wrap elementor-element-populated\">\n\t\t\t\t\t\t\t<div class=\"elementor-widget-wrap\">\n\t\t\t\t\t\t<div class=\"elementor-element elementor-element-276cdb7 elementor-widget elementor-widget-shortcode\" data-id=\"276cdb7\" data-element_type=\"widget\" data-widget_type=\"shortcode.default\">\n\t\t\t\t<div class=\"elementor-widget-container\">\n\t\t\t\t\t<div class=\"elementor-shortcode\"><div style=\"width: 350px; padding: 0px; margin: 0px; border: 0px solid #000000; background-color: #ffffff; color: #000000; font-family: georgia; letter-spacing: 2px; font-size: 22px; font-weight: bold; text-transform: uppercase; text-align: center; -moz-border-radius: 0px 0px 0px 0px; border-radius: 0px 0px 0px 0px;\"><div style=\"padding: 1px;\">My\u0161lienka d\u0148a<\/div><\/div>\r\n<div style=\"width: 350px; padding: 3px; margin-bottom: 10px; border: 0px solid #000000; border-top: 0px; font-family: georgia; color: #000000; -moz-border-radius: 0px 0px 0px 0px; border-radius: 0px 0px 0px  px;\"><div style=\"padding: 5px;\">Du\u0161e neo\u010dak\u00e1vaj\u00fa od v\u00e1s ni\u010d in\u00e9, len aby ste s nimi hovorili o Bo\u017e\u00edch veciach.<\/div><\/div><\/div>\n\t\t\t\t<\/div>\n\t\t\t\t<\/div>\n\t\t\t\t\t\t<\/div>\n\t\t\t\t\t<\/div>\n\t\t<\/div>\n\t\t\t\t<div class=\"elementor-column elementor-col-33 elementor-top-column elementor-element elementor-element-a148b8e\" data-id=\"a148b8e\" data-element_type=\"column\">\n\t\t\t<div class=\"elementor-column-wrap elementor-element-populated\">\n\t\t\t\t\t\t\t<div class=\"elementor-widget-wrap\">\n\t\t\t\t\t\t<div class=\"elementor-element elementor-element-cbba484 elementor-widget elementor-widget-image\" data-id=\"cbba484\" data-element_type=\"widget\" data-widget_type=\"image.default\">\n\t\t\t\t<div class=\"elementor-widget-container\">\n\t\t\t\t\t<div class=\"elementor-image\">\n\t\t\t\t\t\t\t<figure class=\"wp-caption\">\n\t\t\t\t\t\t\t\t\t\t\t<a href=\"https:\/\/sdr.sk\/index.php\/formular-modlitebnych-umyslov\/\">\n\t\t\t\t\t\t\t<img width=\"150\" height=\"150\" src=\"https:\/\/www.sdr.sk\/wp-content\/uploads\/2020\/11\/modlitba-01-150x150.png\" class=\"elementor-animation-grow attachment-thumbnail size-thumbnail\" alt=\"\" loading=\"lazy\" srcset=\"https:\/\/www.sdr.sk\/wp-content\/uploads\/2020\/11\/modlitba-01-150x150.png 150w, https:\/\/www.sdr.sk\/wp-content\/uploads\/2020\/11\/modlitba-01-300x300.png 300w, https:\/\/www.sdr.sk\/wp-content\/uploads\/2020\/11\/modlitba-01-1024x1024.png 1024w, https:\/\/www.sdr.sk\/wp-content\/uploads\/2020\/11\/modlitba-01-768x768.png 768w, https:\/\/www.sdr.sk\/wp-content\/uploads\/2020\/11\/modlitba-01-900x900.png 900w, https:\/\/www.sdr.sk\/wp-content\/uploads\/2020\/11\/modlitba-01-400x400.png 400w, https:\/\/www.sdr.sk\/wp-content\/uploads\/2020\/11\/modlitba-01.png 1250w\" sizes=\"(max-width: 150px) 100vw, 150px\" \/>\t\t\t\t\t\t\t\t<\/a>\n\t\t\t\t\t\t\t\t\t\t\t<figcaption class=\"widget-image-caption wp-caption-text\">MODLITEBN\u00c9 \u00daMYSLY<\/figcaption>\n\t\t\t\t\t\t\t\t\t\t<\/figure>\n\t\t\t\t\t<\/div>\n\t\t\t\t<\/div>\n\t\t\t\t<\/div>\n\t\t\t\t\t\t<\/div>\n\t\t\t\t\t<\/div>\n\t\t<\/div>\n\t\t\t\t\t\t\t\t<\/div>\n\t\t\t\t\t<\/div>\n\t\t<\/section>\n\t\t\t\t<section class=\"elementor-section elementor-top-section elementor-element elementor-element-b12db2d elementor-section-boxed elementor-section-height-default elementor-section-height-default\" data-id=\"b12db2d\" data-element_type=\"section\">\n\t\t\t\t\t\t<div class=\"elementor-container elementor-column-gap-default\">\n\t\t\t\t\t\t\t<div class=\"elementor-row\">\n\t\t\t\t\t<div class=\"elementor-column elementor-col-100 elementor-top-column elementor-element elementor-element-34497e5\" data-id=\"34497e5\" data-element_type=\"column\">\n\t\t\t<div class=\"elementor-column-wrap elementor-element-populated\">\n\t\t\t\t\t\t\t<div class=\"elementor-widget-wrap\">\n\t\t\t\t\t\t<div class=\"elementor-element elementor-element-bcb99a7 elementor-widget elementor-widget-spacer\" data-id=\"bcb99a7\" data-element_type=\"widget\" data-widget_type=\"spacer.default\">\n\t\t\t\t<div class=\"elementor-widget-container\">\n\t\t\t\t\t<div class=\"elementor-spacer\">\n\t\t\t<div class=\"elementor-spacer-inner\"><\/div>\n\t\t<\/div>\n\t\t\t\t<\/div>\n\t\t\t\t<\/div>\n\t\t\t\t\t\t<\/div>\n\t\t\t\t\t<\/div>\n\t\t<\/div>\n\t\t\t\t\t\t\t\t<\/div>\n\t\t\t\t\t<\/div>\n\t\t<\/section>\n\t\t\t\t<section class=\"elementor-section elementor-top-section elementor-element elementor-element-453a5e3 elementor-section-full_width elementor-section-stretched elementor-section-height-default elementor-section-height-default\" data-id=\"453a5e3\" data-element_type=\"section\" data-settings=\"{&quot;stretch_section&quot;:&quot;section-stretched&quot;}\">\n\t\t\t\t\t\t<div class=\"elementor-container elementor-column-gap-default\">\n\t\t\t\t\t\t\t<div class=\"elementor-row\">\n\t\t\t\t\t<div class=\"elementor-column elementor-col-100 elementor-top-column elementor-element elementor-element-40543d7\" data-id=\"40543d7\" data-element_type=\"column\">\n\t\t\t<div class=\"elementor-column-wrap elementor-element-populated\">\n\t\t\t\t\t\t\t<div class=\"elementor-widget-wrap\">\n\t\t\t\t\t\t<div class=\"elementor-element elementor-element-d54435a elementor-widget elementor-widget-heading\" data-id=\"d54435a\" data-element_type=\"widget\" data-widget_type=\"heading.default\">\n\t\t\t\t<div class=\"elementor-widget-container\">\n\t\t\t<h2 class=\"elementor-heading-title elementor-size-default\">AKTUALITY<\/h2>\t\t<\/div>\n\t\t\t\t<\/div>\n\t\t\t\t\t\t<\/div>\n\t\t\t\t\t<\/div>\n\t\t<\/div>\n\t\t\t\t\t\t\t\t<\/div>\n\t\t\t\t\t<\/div>\n\t\t<\/section>\n\t\t\t\t<section class=\"elementor-section elementor-top-section elementor-element elementor-element-41cb55d elementor-section-stretched elementor-section-boxed elementor-section-height-default elementor-section-height-default\" data-id=\"41cb55d\" data-element_type=\"section\" data-settings=\"{&quot;stretch_section&quot;:&quot;section-stretched&quot;}\">\n\t\t\t\t\t\t\t<div class=\"elementor-background-overlay\"><\/div>\n\t\t\t\t\t\t\t<div class=\"elementor-container elementor-column-gap-default\">\n\t\t\t\t\t\t\t<div class=\"elementor-row\">\n\t\t\t\t\t<div class=\"elementor-column elementor-col-100 elementor-top-column elementor-element elementor-element-f1e473f\" data-id=\"f1e473f\" data-element_type=\"column\">\n\t\t\t<div class=\"elementor-column-wrap elementor-element-populated\">\n\t\t\t\t\t\t\t<div class=\"elementor-widget-wrap\">\n\t\t\t\t\t\t<div class=\"elementor-element elementor-element-2315ba7 equal-height-true hide-last-border-true elementor-widget elementor-widget-wp-post-modules-el\" data-id=\"2315ba7\" data-element_type=\"widget\" data-widget_type=\"wp-post-modules-el.default\">\n\t\t\t\t<div class=\"elementor-widget-container\">\n\t\t\t<div class=\"wppm wppm-grid s1 columns-4 columns_tablet-2 columns_mobile-1\"><article  class=\"wppm-el-post 2954 post-2954 post type-post status-publish format-standard has-post-thumbnail hentry category-nezaradene\"><div class=\"wppm-post-wrap\"><div class=\"post-img\"><a href=\"https:\/\/www.sdr.sk\/index.php\/2026\/04\/30\/cim-sa-odvdacim-panovi\/\" title=\"\u010c\u00cdM SA ODV\u010eA\u010c\u00cdM P\u00c1NOVI?\"><img src=\"https:\/\/www.sdr.sk\/wp-content\/uploads\/bfi_thumb\/IMG-20260423-WA0012ilustr-24r7qlcsq02nftenq3qirs9aroso62vvt8bv8t5m78f8.jpg\" class=\"attachment-0x0xtruextruex100x size-0x0xtruextruex100x wp-post-image\" alt=\"\" loading=\"lazy\" \/><\/a><\/div><div class=\"entry-content\"><aside class=\"meta-row cat-row\"><div class=\"meta-col\"><ul class=\"post-cats\"><li><a class=\"cat-nezaradene\" href=\"https:\/\/www.sdr.sk\/index.php\/category\/nezaradene\/\">Nezaraden\u00e9<\/a><\/li><\/ul><\/div><\/aside><h2 class=\"entry-title\"><a href=\"https:\/\/www.sdr.sk\/index.php\/2026\/04\/30\/cim-sa-odvdacim-panovi\/\" title=\"\u010c\u00cdM SA ODV\u010eA\u010c\u00cdM P\u00c1NOVI?\">\u010c\u00cdM SA ODV\u010eA\u010c\u00cdM P\u00c1NOVI?<\/a><\/h2><p class=\"post-text\">Boh mi to\u013eko toho dal a d\u00e1va, \u017ee mi neost\u00e1va&hellip;<\/p><\/div><aside class=\"meta-row row-3\"><div class=\"meta-col\"><ul class=\"entry-meta\"><li class=\"post-time\"><time class=\"entry-date\" datetime=\"2026-04-30T08:45:17+02:00\">30. apr\u00edla 2026<\/time><\/li><li class=\"post-author\"><span class=\"screen-reader-text\">Author <\/span><a href=\"https:\/\/www.sdr.sk\/index.php\/author\/filote\/\">Kongreg\u00e1cia SDR<\/a><\/li><\/ul><\/div><\/aside><\/div><\/article><article  class=\"wppm-el-post 2897 post-2897 post type-post status-publish format-standard has-post-thumbnail hentry category-nezaradene\"><div class=\"wppm-post-wrap\"><div class=\"post-img\"><a href=\"https:\/\/www.sdr.sk\/index.php\/2026\/04\/26\/modlitba-za-duchovne-povolania-7\/\" title=\"MODLITBA ZA DUCHOVN\u00c9 POVOLANIA 7\"><img src=\"https:\/\/www.sdr.sk\/wp-content\/uploads\/bfi_thumb\/15-24kfe3yiucgn7d9rozl2te0q6t279h7s7sjioftr244k.png\" class=\"attachment-0x0xtruextruex100x size-0x0xtruextruex100x wp-post-image\" alt=\"\" loading=\"lazy\" \/><\/a><\/div><div class=\"entry-content\"><aside class=\"meta-row cat-row\"><div class=\"meta-col\"><ul class=\"post-cats\"><li><a class=\"cat-nezaradene\" href=\"https:\/\/www.sdr.sk\/index.php\/category\/nezaradene\/\">Nezaraden\u00e9<\/a><\/li><\/ul><\/div><\/aside><h2 class=\"entry-title\"><a href=\"https:\/\/www.sdr.sk\/index.php\/2026\/04\/26\/modlitba-za-duchovne-povolania-7\/\" title=\"MODLITBA ZA DUCHOVN\u00c9 POVOLANIA 7\">MODLITBA ZA DUCHOVN\u00c9 POVOLANIA 7<\/a><\/h2><p class=\"post-text\">Pane, \u017eatva je ve\u013ek\u00e1, ale robotn\u00edkov m\u00e1lo. Preto \u0165a pros\u00edme:&hellip;<\/p><\/div><aside class=\"meta-row row-3\"><div class=\"meta-col\"><ul class=\"entry-meta\"><li class=\"post-time\"><time class=\"entry-date\" datetime=\"2026-04-26T07:00:00+02:00\">26. apr\u00edla 2026<\/time><\/li><li class=\"post-author\"><span class=\"screen-reader-text\">Author <\/span><a href=\"https:\/\/www.sdr.sk\/index.php\/author\/filote\/\">Kongreg\u00e1cia SDR<\/a><\/li><\/ul><\/div><\/aside><\/div><\/article><article  class=\"wppm-el-post 2895 post-2895 post type-post status-publish format-standard has-post-thumbnail hentry category-nezaradene\"><div class=\"wppm-post-wrap\"><div class=\"post-img\"><a href=\"https:\/\/www.sdr.sk\/index.php\/2026\/04\/25\/modlitba-za-duchovne-povolania-6\/\" title=\"MODLITBA ZA DUCHOVN\u00c9 POVOLANIA 6\"><img src=\"https:\/\/www.sdr.sk\/wp-content\/uploads\/bfi_thumb\/11-24kfe35svvmvvyipevanvrtz3rmctq0q71xd2bxdn690.png\" class=\"attachment-0x0xtruextruex100x size-0x0xtruextruex100x wp-post-image\" alt=\"\" loading=\"lazy\" \/><\/a><\/div><div class=\"entry-content\"><aside class=\"meta-row cat-row\"><div class=\"meta-col\"><ul class=\"post-cats\"><li><a class=\"cat-nezaradene\" href=\"https:\/\/www.sdr.sk\/index.php\/category\/nezaradene\/\">Nezaraden\u00e9<\/a><\/li><\/ul><\/div><\/aside><h2 class=\"entry-title\"><a href=\"https:\/\/www.sdr.sk\/index.php\/2026\/04\/25\/modlitba-za-duchovne-povolania-6\/\" title=\"MODLITBA ZA DUCHOVN\u00c9 POVOLANIA 6\">MODLITBA ZA DUCHOVN\u00c9 POVOLANIA 6<\/a><\/h2><p class=\"post-text\">Pane Je\u017ei\u0161u, ako si jedn\u00e9ho d\u0148a povolal prv\u00fdch u\u010den\u00edkov a&hellip;<\/p><\/div><aside class=\"meta-row row-3\"><div class=\"meta-col\"><ul class=\"entry-meta\"><li class=\"post-time\"><time class=\"entry-date\" datetime=\"2026-04-25T05:50:00+02:00\">25. apr\u00edla 2026<\/time><\/li><li class=\"post-author\"><span class=\"screen-reader-text\">Author <\/span><a href=\"https:\/\/www.sdr.sk\/index.php\/author\/filote\/\">Kongreg\u00e1cia SDR<\/a><\/li><\/ul><\/div><\/aside><\/div><\/article><article  class=\"wppm-el-post 2893 post-2893 post type-post status-publish format-standard has-post-thumbnail hentry category-nezaradene\"><div class=\"wppm-post-wrap\"><div class=\"post-img\"><a href=\"https:\/\/www.sdr.sk\/index.php\/2026\/04\/24\/modlitba-za-duchovne-povolania-5\/\" title=\"MODLITBA ZA DUCHOVN\u00c9 POVOLANIA 5\"><img src=\"https:\/\/www.sdr.sk\/wp-content\/uploads\/bfi_thumb\/9-24kfe2niwuquv8rnym0rgxcl53smwsclmy2wefzoqr8k.png\" class=\"attachment-0x0xtruextruex100x size-0x0xtruextruex100x wp-post-image\" alt=\"\" loading=\"lazy\" \/><\/a><\/div><div class=\"entry-content\"><aside class=\"meta-row cat-row\"><div class=\"meta-col\"><ul class=\"post-cats\"><li><a class=\"cat-nezaradene\" href=\"https:\/\/www.sdr.sk\/index.php\/category\/nezaradene\/\">Nezaraden\u00e9<\/a><\/li><\/ul><\/div><\/aside><h2 class=\"entry-title\"><a href=\"https:\/\/www.sdr.sk\/index.php\/2026\/04\/24\/modlitba-za-duchovne-povolania-5\/\" title=\"MODLITBA ZA DUCHOVN\u00c9 POVOLANIA 5\">MODLITBA ZA DUCHOVN\u00c9 POVOLANIA 5<\/a><\/h2><p class=\"post-text\">Dobrotiv\u00fd Bo\u017ee, v tebe m\u00e1 rodinn\u00e9 spolo\u010denstvo svoj p\u00f4vod a&hellip;<\/p><\/div><aside class=\"meta-row row-3\"><div class=\"meta-col\"><ul class=\"entry-meta\"><li class=\"post-time\"><time class=\"entry-date\" datetime=\"2026-04-24T05:20:00+02:00\">24. apr\u00edla 2026<\/time><\/li><li class=\"post-author\"><span class=\"screen-reader-text\">Author <\/span><a href=\"https:\/\/www.sdr.sk\/index.php\/author\/filote\/\">Kongreg\u00e1cia SDR<\/a><\/li><\/ul><\/div><\/aside><\/div><\/article><\/div>\t\t<\/div>\n\t\t\t\t<\/div>\n\t\t\t\t\t\t<\/div>\n\t\t\t\t\t<\/div>\n\t\t<\/div>\n\t\t\t\t\t\t\t\t<\/div>\n\t\t\t\t\t<\/div>\n\t\t<\/section>\n\t\t\t\t<section class=\"elementor-section elementor-top-section elementor-element elementor-element-711a2ee elementor-section-boxed elementor-section-height-default elementor-section-height-default\" data-id=\"711a2ee\" data-element_type=\"section\">\n\t\t\t\t\t\t<div class=\"elementor-container elementor-column-gap-default\">\n\t\t\t\t\t\t\t<div class=\"elementor-row\">\n\t\t\t\t\t<div class=\"elementor-column elementor-col-100 elementor-top-column elementor-element elementor-element-23e0d2a\" data-id=\"23e0d2a\" data-element_type=\"column\">\n\t\t\t<div class=\"elementor-column-wrap elementor-element-populated\">\n\t\t\t\t\t\t\t<div class=\"elementor-widget-wrap\">\n\t\t\t\t\t\t<div class=\"elementor-element elementor-element-7824225 elementor-align-right elementor-widget elementor-widget-button\" data-id=\"7824225\" data-element_type=\"widget\" data-widget_type=\"button.default\">\n\t\t\t\t<div class=\"elementor-widget-container\">\n\t\t\t\t\t<div class=\"elementor-button-wrapper\">\n\t\t\t<a href=\"https:\/\/sdr.sk\/index.php\/blog\/\" class=\"elementor-button-link elementor-button elementor-size-sm\" role=\"button\">\n\t\t\t\t\t\t<span class=\"elementor-button-content-wrapper\">\n\t\t\t\t\t\t<span class=\"elementor-button-text\">V\u0160ETKY \u010cL\u00c1NKY<\/span>\n\t\t<\/span>\n\t\t\t\t\t<\/a>\n\t\t<\/div>\n\t\t\t\t<\/div>\n\t\t\t\t<\/div>\n\t\t\t\t\t\t<\/div>\n\t\t\t\t\t<\/div>\n\t\t<\/div>\n\t\t\t\t\t\t\t\t<\/div>\n\t\t\t\t\t<\/div>\n\t\t<\/section>\n\t\t\t\t<section class=\"elementor-section elementor-top-section elementor-element elementor-element-d7c8ece elementor-section-boxed elementor-section-height-default elementor-section-height-default\" data-id=\"d7c8ece\" data-element_type=\"section\">\n\t\t\t\t\t\t<div class=\"elementor-container elementor-column-gap-default\">\n\t\t\t\t\t\t\t<div class=\"elementor-row\">\n\t\t\t\t\t<div class=\"elementor-column elementor-col-100 elementor-top-column elementor-element elementor-element-642c8f1\" data-id=\"642c8f1\" data-element_type=\"column\">\n\t\t\t<div class=\"elementor-column-wrap elementor-element-populated\">\n\t\t\t\t\t\t\t<div class=\"elementor-widget-wrap\">\n\t\t\t\t\t\t<div class=\"elementor-element elementor-element-7b93b39 elementor-widget elementor-widget-spacer\" data-id=\"7b93b39\" data-element_type=\"widget\" data-widget_type=\"spacer.default\">\n\t\t\t\t<div class=\"elementor-widget-container\">\n\t\t\t\t\t<div class=\"elementor-spacer\">\n\t\t\t<div class=\"elementor-spacer-inner\"><\/div>\n\t\t<\/div>\n\t\t\t\t<\/div>\n\t\t\t\t<\/div>\n\t\t\t\t\t\t<\/div>\n\t\t\t\t\t<\/div>\n\t\t<\/div>\n\t\t\t\t\t\t\t\t<\/div>\n\t\t\t\t\t<\/div>\n\t\t<\/section>\n\t\t\t\t<section class=\"elementor-section elementor-top-section elementor-element elementor-element-d2b2859 elementor-section-stretched elementor-section-boxed elementor-section-height-default elementor-section-height-default\" data-id=\"d2b2859\" data-element_type=\"section\" data-settings=\"{&quot;stretch_section&quot;:&quot;section-stretched&quot;}\">\n\t\t\t\t\t\t<div class=\"elementor-container elementor-column-gap-default\">\n\t\t\t\t\t\t\t<div class=\"elementor-row\">\n\t\t\t\t\t<div class=\"elementor-column elementor-col-100 elementor-top-column elementor-element elementor-element-d3b9a6f\" data-id=\"d3b9a6f\" data-element_type=\"column\">\n\t\t\t<div class=\"elementor-column-wrap elementor-element-populated\">\n\t\t\t\t\t\t\t<div class=\"elementor-widget-wrap\">\n\t\t\t\t\t\t<div class=\"elementor-element elementor-element-0fbb521 elementor-invisible elementor-widget elementor-widget-heading\" data-id=\"0fbb521\" data-element_type=\"widget\" data-settings=\"{&quot;_animation&quot;:&quot;fadeIn&quot;}\" data-widget_type=\"heading.default\">\n\t\t\t\t<div class=\"elementor-widget-container\">\n\t\t\t<h1 class=\"elementor-heading-title elementor-size-xl\"><a href=\"https:\/\/sdr.sk\/index.php\/fotogaleria\/\">FOTOGAL\u00c9RIA<\/a><\/h1>\t\t<\/div>\n\t\t\t\t<\/div>\n\t\t\t\t\t\t<\/div>\n\t\t\t\t\t<\/div>\n\t\t<\/div>\n\t\t\t\t\t\t\t\t<\/div>\n\t\t\t\t\t<\/div>\n\t\t<\/section>\n\t\t\t\t\t\t<\/div>\n\t\t\t\t\t\t<\/div>\n\t\t\t\t\t<\/div>\n\t\t","protected":false},"excerpt":{"rendered":"<p>Predo\u0161l\u00e9 \u010eal\u0161ie BL. ALFONZA M\u00c1RIA MODLITEBN\u00c9 \u00daMYSLY AKTUALITY Nezaraden\u00e9 AKO SV\u00c4T\u00dd JOZEF PR\u00c1ZDNINOVAL&#8230; sr. Chantal: Po\u010das jarn\u00fdch pr\u00e1zdnin sme vo<a class=\"read-more\" href=\"https:\/\/www.sdr.sk\/index.php\/2026\/04\/24\/modlitba-za-duchovne-povolania-5\/\"\/>\u010c\u00edta\u0165 \u010falej<\/a><\/p>\n","protected":false},"author":1,"featured_media":0,"parent":0,"menu_order":0,"comment_status":"closed","ping_status":"closed","template":"page-templates\/template_nosidebar.php","meta":[],"_links":{"self":[{"href":"https:\/\/www.sdr.sk\/index.php\/wp-json\/wp\/v2\/pages\/35"}],"collection":[{"href":"https:\/\/www.sdr.sk\/index.php\/wp-json\/wp\/v2\/pages"}],"about":[{"href":"https:\/\/www.sdr.sk\/index.php\/wp-json\/wp\/v2\/types\/page"}],"author":[{"embeddable":true,"href":"https:\/\/www.sdr.sk\/index.php\/wp-json\/wp\/v2\/users\/1"}],"replies":[{"embeddable":true,"href":"https:\/\/www.sdr.sk\/index.php\/wp-json\/wp\/v2\/comments?post=35"}],"version-history":[{"count":119,"href":"https:\/\/www.sdr.sk\/index.php\/wp-json\/wp\/v2\/pages\/35\/revisions"}],"predecessor-version":[{"id":898,"href":"https:\/\/www.sdr.sk\/index.php\/wp-json\/wp\/v2\/pages\/35\/revisions\/898"}],"wp:attachment":[{"href":"https:\/\/www.sdr.sk\/index.php\/wp-json\/wp\/v2\/media?parent=35"}],"curies":[{"name":"wp","href":"https:\/\/api.w.org\/{rel}","templated":true}]}}