{"id":305,"date":"2020-12-10T14:09:21","date_gmt":"2020-12-10T13:09:21","guid":{"rendered":"https:\/\/wp.sdr.sk\/?page_id=305"},"modified":"2020-12-10T14:09:40","modified_gmt":"2020-12-10T13:09:40","slug":"1849-sucasnost","status":"publish","type":"page","link":"https:\/\/www.sdr.sk\/index.php\/1849-sucasnost\/","title":{"rendered":"1849 \u2013 S\u00da\u010cASNOS\u0164"},"content":{"rendered":"\n<p>V\u017edy viac prib\u00fadalo sestier do spolo\u010denstiev, \u010d\u00edm sa kongreg\u00e1cia \u0161\u00edrila. O\u00a0sestr\u00e1ch sa roz\u0161\u00edril dobr\u00fd ch\u00fdr a\u00a0z\u00e1ujem. Tak prosili biskupi zakladate\u013eku o\u00a0sestry pre W\u00fcrzburg, Viede\u0148 a \u0160opro\u0148. Pod vplyvom doby a\u00a0miestnych pomerov sa vyvinuli viacer\u00e9 kongreg\u00e1cie, ktor\u00e9 \u017eij\u00fa spiritualitu\u00a0Matky Alfonzy M\u00e1rie. Na\u0161e reho\u013en\u00e9 spolo\u010denstvo je od roku 1867 samostatnou kongreg\u00e1ciou, s matersk\u00fdm domom v \u0160oproni, v diec\u00e9ze Gy\u00f6r, Ma\u010farsko. Kv\u00f4li politickej situ\u00e1cii v\u00a0Ma\u010farsku je od roku 1955 s\u00eddlo gener\u00e1lneho vedenia v R\u00edme. Duchovn\u00e9 spojenie a\u00a0vz\u0165ahy medzi sestrami spolo\u010denstiev, ktor\u00e9 vznikli zo zalo\u017eenia v\u00a0Niederbronne, jestvuj\u00fa e\u0161te dnes a\u00a0nanovo sa prehlbuj\u00fa.<\/p>\n\n\n\n<p><br><strong>Priebeh v\u00fdvoja na\u0161ej Kongreg\u00e1cie\u00a0\u00a0<\/strong><\/p>\n\n\n\n<p>Biskup z\u00a0Gy\u00f6r (Raab), J\u00e1n \u0160imor, spoznal Niederbronnsk\u00e9 sestry, p\u00f4sobiace \u00a0od roku 1857 aj vo Viedni, cez kardin\u00e1la Rauschera. V roku 1863 prosil o\u00a0sestry pre mesto \u0160opro\u0148 (\u00d6denburg). D\u0148a 19. m\u00e1ja 1863 pri\u0161li \u0161tyri sestry do \u0160oprone, kde b\u00fdvali v\u00a0biskupskom dome. Sr. Basilissa G\u00fcrtler bola prvou<br>predstavenou. \u00dalohou sestier bola starostlivos\u0165 o\u00a0opusten\u00fdch chor\u00fdch a\u00a0det\u00ed a\u00a0v\u00fdchova sir\u00f4t. V m\u00e1ji 1865 nav\u0161t\u00edvila matka Alfonza M\u00e1rie svoje sestry v \u0160oproni, \u010do pre v\u0161etk\u00fdch znamenalo ve\u013ek\u00fa rados\u0165, preto\u017ee<br>prv\u00e9 p\u00f4sobiace sestry v Ma\u010farsku si robili novici\u00e1t e\u0161te pri matke Alfonze M\u00e1rii v\u00a0Niederbronne. Priestor pre tak ve\u013ek\u00fd po\u010det sir\u00f4t znova nezodpovedal. Sestry z\u00edskali d\u0148a 31. 5. 1866 dom za hradbami, ktor\u00fd zostal a\u017e do roku 1950 matersk\u00fdm domom kongreg\u00e1cie. Dekr\u00e9tom z 13. j\u00fana 1867 biskup \u0160imor vyhl\u00e1sil \u0161poronsk\u00fd dom za nez\u00e1visl\u00fd a\u00a0postavil ho pod vlastn\u00fa jurisdikciu. T\u00fdmto sa za\u010d\u00edna samostatn\u00fd v\u00fdvoj kongreg\u00e1cie. V\u00a0roku 1871 malo spolo\u010denstvo v \u0160oproni 26 sestier. Sestry o\u0161etrovali\u00a0chor\u00fdch v\u00a0ich domoch, starali sa o\u00a0deti, zvl\u00e1\u0161\u0165 sa venovali v\u00fdchove sir\u00f4t. Zaveden\u00edm \u00a0povinnej \u0161kolskej doch\u00e1dzky v\u00a0Rak\u00fasko-Uhorskej monarchii (1868) za\u010dali sestry s\u00a0vyu\u010dovan\u00edm \u00a0chudobn\u00fdch det\u00ed v \u0161kol\u00e1ch, predov\u0161etk\u00fdm na dedin\u00e1ch. Za prv\u00fa gener\u00e1lnu predstaven\u00fa kongreg\u00e1cie bola zvolen\u00e1 v roku 1874 sr. Evergilla Gossi. Po\u010das jej \u00faradu bolo zalo\u017een\u00fdch prv\u00fdch osem reho\u013en\u00fdch domov. V\u00a0roku 1885 bola zvolen\u00e1 za gener\u00e1lnu predstaven\u00fa sr. Stanislaa Steinmayer. V\u00a0jej \u00faradnom obdob\u00ed do roku 1921 sa kongreg\u00e1cia vidite\u013ene rozv\u00edjala. Za jej \u00faradn\u00e9ho obdobia bolo zalo\u017een\u00fdch 43 reho\u013en\u00fdch domov. V rokoch 1886-1887 bol postaven\u00fd matersk\u00fd kostol a\u00a0bol roz\u0161\u00edren\u00fd matersk\u00fd dom. Po rozpade Rak\u00fasko-Uhorskej monarchie mala kongreg\u00e1cia reho\u013en\u00e9 domy v \u0161tyroch r\u00f4znych \u0161t\u00e1toch a\u00a0od roku 1912<br>za\u010dali sestry p\u00f4sobi\u0165 aj v\u00a0 Spojen\u00fdch \u0161t\u00e1toch americk\u00fdch. V\u00a0\u010dase prvej svetovej vojny boli vo viacer\u00fdch \u0161kol\u00e1ch vojnov\u00e9 lazarety a\u00a0v\u00a0materskom dome bola zriaden\u00e1 nemocnica \u010cerven\u00e9ho kr\u00ed\u017ea, kde bolo o\u0161etren\u00fdch ve\u013ea zranen\u00fdch vojakov.<\/p>\n\n\n\n<p><br><strong>Zriadenie provinci\u00ed<br><\/strong>Pre nov\u00e9 \u0161t\u00e1tne hranice po prvej svetovej vojne bolo nevyhnutn\u00e9 zriadi\u0165 provincie. Sr. Bonavent\u00fara Maurer bola zvolen\u00e1 v\u00a0roku 1921 za nov\u00fa gener\u00e1lnu predstaven\u00fa, ktor\u00e1 zostala v\u00a0\u00farade do roku 1939. Pripravovala zriadenie provinci\u00ed a usilovala sa o \u010fal\u0161\u00ed rozvoj kongreg\u00e1cie.<br>\u00a0V\u00a0roku 1924 potvrdila Kongreg\u00e1cia pre reho\u013en\u00edkov v\u00a0R\u00edme zriadenie nasleduj\u00facich \u00a0provinci\u00ed:<br>\u00a0\u00a0\u00a0 &#8211; Ma\u010farsk\u00e1 provincia\u00a0s\u00a0matersk\u00fdm domom v \u0160oproni\/\u00d6denburg,\u00a0general\u00e1t;<br>\u00a0\u00a0\u00a0 &#8211; Rak\u00faska provincia\u00a0s\u00a0provinci\u00e1lnym domom v\u00a0Eisenstadte;<br>\u00a0\u00a0\u00a0 &#8211; Slovensk\u00e1 provincia\u00a0s\u00a0provinci\u00e1lnym domom v\u00a0Nov\u00fdch\u00a0Z\u00e1mkoch;<br>\u00a0\u00a0\u00a0 &#8211;\u00a0Americk\u00e1 provincia\u00a0s\u00a0provinci\u00e1lnym domom v Elizabeth,\u00a0Pennsylvania.<\/p>\n\n\n\n<p>V\u00a0Juhosl\u00e1vii mala kongreg\u00e1cia 2 domy s\u00a030 sestrami. Tieto boli nesk\u00f4r zru\u0161en\u00e9.<br>V\u00a0roku 1925 mala kongreg\u00e1cia 4 provincie, 622 sestier, 73 noviciek a\u00a062 reho\u013en\u00fdch domov.<br><em>(Zdroj: General\u00e1t SDR, Zastavenia na ceste)<\/em><\/p>\n","protected":false},"excerpt":{"rendered":"<p>V\u017edy viac prib\u00fadalo sestier do spolo\u010denstiev, \u010d\u00edm sa kongreg\u00e1cia \u0161\u00edrila. O\u00a0sestr\u00e1ch sa roz\u0161\u00edril dobr\u00fd ch\u00fdr a\u00a0z\u00e1ujem. Tak prosili biskupi zakladate\u013eku<a class=\"read-more\" href=\"https:\/\/www.sdr.sk\/index.php\/1849-sucasnost\/\"\/>\u010c\u00edta\u0165 \u010falej<\/a><\/p>\n","protected":false},"author":1,"featured_media":0,"parent":0,"menu_order":0,"comment_status":"closed","ping_status":"closed","template":"page-templates\/template_nosidebar.php","meta":[],"_links":{"self":[{"href":"https:\/\/www.sdr.sk\/index.php\/wp-json\/wp\/v2\/pages\/305"}],"collection":[{"href":"https:\/\/www.sdr.sk\/index.php\/wp-json\/wp\/v2\/pages"}],"about":[{"href":"https:\/\/www.sdr.sk\/index.php\/wp-json\/wp\/v2\/types\/page"}],"author":[{"embeddable":true,"href":"https:\/\/www.sdr.sk\/index.php\/wp-json\/wp\/v2\/users\/1"}],"replies":[{"embeddable":true,"href":"https:\/\/www.sdr.sk\/index.php\/wp-json\/wp\/v2\/comments?post=305"}],"version-history":[{"count":1,"href":"https:\/\/www.sdr.sk\/index.php\/wp-json\/wp\/v2\/pages\/305\/revisions"}],"predecessor-version":[{"id":306,"href":"https:\/\/www.sdr.sk\/index.php\/wp-json\/wp\/v2\/pages\/305\/revisions\/306"}],"wp:attachment":[{"href":"https:\/\/www.sdr.sk\/index.php\/wp-json\/wp\/v2\/media?parent=305"}],"curies":[{"name":"wp","href":"https:\/\/api.w.org\/{rel}","templated":true}]}}