{"id":296,"date":"2020-12-10T14:02:36","date_gmt":"2020-12-10T13:02:36","guid":{"rendered":"https:\/\/wp.sdr.sk\/?page_id=296"},"modified":"2020-12-10T14:06:37","modified_gmt":"2020-12-10T13:06:37","slug":"zalozenie-kongregacie","status":"publish","type":"page","link":"https:\/\/www.sdr.sk\/index.php\/zalozenie-kongregacie\/","title":{"rendered":"ZALO\u017dENIE KONGREG\u00c1CIE"},"content":{"rendered":"\n<p class=\"has-text-align-center\">Kongreg\u00e1ciu sestier Bo\u017esk\u00e9ho Vykupite\u013ea zalo\u017eila 28. augusta 1849 Al\u017ebeta Eppingerov\u00e1, Matka Alfonza M\u00e1ria, v&nbsp;k\u00fape\u013enom meste Niederbronn, v Alsasku, vo v\u00fdchodnom Franc\u00fazsku.<br>Zakladate\u013eka \u017eila od svojho detstva v&nbsp;hlbokom spojen\u00ed s&nbsp;Bohom. Matka Alfonza M\u00e1ria c\u00edtila cel\u00fdm svojim byt\u00edm, \u017ee je prijat\u00e1 Bohom a&nbsp;n\u00edm milovan\u00e1 so v\u0161etk\u00fdmi \u013eu\u010fmi. Bola hlboko preniknut\u00e1 tajomstvom vyk\u00fapenia. Veden\u00e1 Duchom Sv\u00e4t\u00fdm sa c\u00edtila by\u0165 povolan\u00e1 spolu so svojimi sestrami \u010deli\u0165 n\u00fadzi svojej doby a mnohorak\u00fdmi slu\u017ebami pom\u00e1ha\u0165 \u013eu\u010fom, zvl\u00e1\u0161\u0165 chudobn\u00fdm a&nbsp;chor\u00fdm. Chcela v\u0161etk\u00fdm \u013eu\u010fom darova\u0165 n\u00e1dej a&nbsp;necha\u0165 ich zak\u00fasi\u0165 vykupite\u013esk\u00fa Bo\u017eiu l\u00e1sku.<br>Ustarosten\u00e1 o&nbsp;sp\u00e1su cel\u00e9ho \u013eudstva usilovala sa spolu so svojimi sestrami v Je\u017ei\u0161ovom Duchu o\u0161etrova\u0165 chor\u00fdch v&nbsp;ich domovoch, podporova\u0165 chudobn\u00fdch, stara\u0165 sa o deti, opatrova\u0165 ich a vyu\u010dova\u0165, bezmocn\u00fdm by\u0165 na pomoci a&nbsp;prija\u0165 t\u00fdch, o&nbsp;ktor\u00fdch sa nikto nestar\u00e1. &nbsp;<\/p>\n\n\n\n<p class=\"has-text-align-center\">To v\u0161etko robila v&nbsp;duchu&nbsp;slov Sv\u00e4t\u00e9ho P\u00edsma:<\/p>\n\n\n\n<p class=\"has-text-align-center\"><strong>\u201e\u010coko\u013evek ste urobili jedn\u00e9mu z&nbsp;t\u00fdchto mojich najmen\u0161\u00edch bratov, mne ste urobili.\u201c<\/strong><\/p>\n\n\n\n<p class=\"has-text-align-center\">(Mt 25, 40)<\/p>\n\n\n\n<p><\/p>\n\n\n\n<figure class=\"wp-block-gallery columns-3 is-cropped\"><ul class=\"blocks-gallery-grid\"><li class=\"blocks-gallery-item\"><figure><a href=\"https:\/\/wp.sdr.sk\/wp-content\/uploads\/2020\/12\/01-Niederbronn.png\"><img loading=\"lazy\" width=\"1024\" height=\"1024\" src=\"https:\/\/wp.sdr.sk\/wp-content\/uploads\/2020\/12\/01-Niederbronn-1024x1024.png\" alt=\"\" data-id=\"298\" data-full-url=\"https:\/\/wp.sdr.sk\/wp-content\/uploads\/2020\/12\/01-Niederbronn.png\" data-link=\"https:\/\/wp.sdr.sk\/index.php\/zalozenie-kongregacie\/01-niederbronn\/\" class=\"wp-image-298\" srcset=\"https:\/\/www.sdr.sk\/wp-content\/uploads\/2020\/12\/01-Niederbronn-1024x1024.png 1024w, https:\/\/www.sdr.sk\/wp-content\/uploads\/2020\/12\/01-Niederbronn-300x300.png 300w, https:\/\/www.sdr.sk\/wp-content\/uploads\/2020\/12\/01-Niederbronn-150x150.png 150w, https:\/\/www.sdr.sk\/wp-content\/uploads\/2020\/12\/01-Niederbronn-1536x1536.png 1536w, https:\/\/www.sdr.sk\/wp-content\/uploads\/2020\/12\/01-Niederbronn-2048x2048.png 2048w, https:\/\/www.sdr.sk\/wp-content\/uploads\/2020\/12\/01-Niederbronn-400x400.png 400w\" sizes=\"(max-width: 1024px) 100vw, 1024px\" \/><\/a><\/figure><\/li><li class=\"blocks-gallery-item\"><figure><a href=\"https:\/\/wp.sdr.sk\/wp-content\/uploads\/2020\/12\/02-Rodny-dom-scaled.jpg\"><img loading=\"lazy\" width=\"1024\" height=\"1024\" src=\"https:\/\/wp.sdr.sk\/wp-content\/uploads\/2020\/12\/02-Rodny-dom-1024x1024.jpg\" alt=\"\" data-id=\"299\" data-full-url=\"https:\/\/wp.sdr.sk\/wp-content\/uploads\/2020\/12\/02-Rodny-dom-scaled.jpg\" data-link=\"https:\/\/wp.sdr.sk\/index.php\/zalozenie-kongregacie\/02-rodny-dom\/\" class=\"wp-image-299\" srcset=\"https:\/\/www.sdr.sk\/wp-content\/uploads\/2020\/12\/02-Rodny-dom-1024x1024.jpg 1024w, https:\/\/www.sdr.sk\/wp-content\/uploads\/2020\/12\/02-Rodny-dom-300x300.jpg 300w, https:\/\/www.sdr.sk\/wp-content\/uploads\/2020\/12\/02-Rodny-dom-150x150.jpg 150w, https:\/\/www.sdr.sk\/wp-content\/uploads\/2020\/12\/02-Rodny-dom-1536x1536.jpg 1536w, https:\/\/www.sdr.sk\/wp-content\/uploads\/2020\/12\/02-Rodny-dom-2048x2048.jpg 2048w, https:\/\/www.sdr.sk\/wp-content\/uploads\/2020\/12\/02-Rodny-dom-400x400.jpg 400w\" sizes=\"(max-width: 1024px) 100vw, 1024px\" \/><\/a><\/figure><\/li><li class=\"blocks-gallery-item\"><figure><a href=\"https:\/\/wp.sdr.sk\/wp-content\/uploads\/2020\/12\/03-Zakladatelka-Alfonza-Maria.jpg\"><img loading=\"lazy\" width=\"1024\" height=\"1024\" src=\"https:\/\/wp.sdr.sk\/wp-content\/uploads\/2020\/12\/03-Zakladatelka-Alfonza-Maria-1024x1024.jpg\" alt=\"\" data-id=\"300\" data-full-url=\"https:\/\/wp.sdr.sk\/wp-content\/uploads\/2020\/12\/03-Zakladatelka-Alfonza-Maria.jpg\" data-link=\"https:\/\/wp.sdr.sk\/index.php\/zalozenie-kongregacie\/03-zakladatelka-alfonza-maria\/\" class=\"wp-image-300\" srcset=\"https:\/\/www.sdr.sk\/wp-content\/uploads\/2020\/12\/03-Zakladatelka-Alfonza-Maria-1024x1024.jpg 1024w, https:\/\/www.sdr.sk\/wp-content\/uploads\/2020\/12\/03-Zakladatelka-Alfonza-Maria-300x300.jpg 300w, https:\/\/www.sdr.sk\/wp-content\/uploads\/2020\/12\/03-Zakladatelka-Alfonza-Maria-150x150.jpg 150w, https:\/\/www.sdr.sk\/wp-content\/uploads\/2020\/12\/03-Zakladatelka-Alfonza-Maria-1536x1536.jpg 1536w, https:\/\/www.sdr.sk\/wp-content\/uploads\/2020\/12\/03-Zakladatelka-Alfonza-Maria-2048x2048.jpg 2048w, https:\/\/www.sdr.sk\/wp-content\/uploads\/2020\/12\/03-Zakladatelka-Alfonza-Maria-400x400.jpg 400w\" sizes=\"(max-width: 1024px) 100vw, 1024px\" \/><\/a><\/figure><\/li><li class=\"blocks-gallery-item\"><figure><a href=\"https:\/\/wp.sdr.sk\/wp-content\/uploads\/2020\/12\/04-Starostlivost-o-nudznych.jpg\"><img loading=\"lazy\" width=\"1024\" height=\"1024\" src=\"https:\/\/wp.sdr.sk\/wp-content\/uploads\/2020\/12\/04-Starostlivost-o-nudznych-1024x1024.jpg\" alt=\"\" data-id=\"301\" data-full-url=\"https:\/\/wp.sdr.sk\/wp-content\/uploads\/2020\/12\/04-Starostlivost-o-nudznych.jpg\" data-link=\"https:\/\/wp.sdr.sk\/index.php\/zalozenie-kongregacie\/04-starostlivost-o-nudznych\/\" class=\"wp-image-301\" srcset=\"https:\/\/www.sdr.sk\/wp-content\/uploads\/2020\/12\/04-Starostlivost-o-nudznych-1024x1024.jpg 1024w, https:\/\/www.sdr.sk\/wp-content\/uploads\/2020\/12\/04-Starostlivost-o-nudznych-300x300.jpg 300w, https:\/\/www.sdr.sk\/wp-content\/uploads\/2020\/12\/04-Starostlivost-o-nudznych-150x150.jpg 150w, https:\/\/www.sdr.sk\/wp-content\/uploads\/2020\/12\/04-Starostlivost-o-nudznych-1536x1536.jpg 1536w, https:\/\/www.sdr.sk\/wp-content\/uploads\/2020\/12\/04-Starostlivost-o-nudznych-2048x2048.jpg 2048w, https:\/\/www.sdr.sk\/wp-content\/uploads\/2020\/12\/04-Starostlivost-o-nudznych-400x400.jpg 400w\" sizes=\"(max-width: 1024px) 100vw, 1024px\" \/><\/a><\/figure><\/li><\/ul><\/figure>\n","protected":false},"excerpt":{"rendered":"<p>Kongreg\u00e1ciu sestier Bo\u017esk\u00e9ho Vykupite\u013ea zalo\u017eila 28. augusta 1849 Al\u017ebeta Eppingerov\u00e1, Matka Alfonza M\u00e1ria, v&nbsp;k\u00fape\u013enom meste Niederbronn, v Alsasku, vo v\u00fdchodnom<a class=\"read-more\" href=\"https:\/\/www.sdr.sk\/index.php\/zalozenie-kongregacie\/\"\/>\u010c\u00edta\u0165 \u010falej<\/a><\/p>\n","protected":false},"author":1,"featured_media":0,"parent":0,"menu_order":0,"comment_status":"closed","ping_status":"closed","template":"page-templates\/template_nosidebar.php","meta":[],"_links":{"self":[{"href":"https:\/\/www.sdr.sk\/index.php\/wp-json\/wp\/v2\/pages\/296"}],"collection":[{"href":"https:\/\/www.sdr.sk\/index.php\/wp-json\/wp\/v2\/pages"}],"about":[{"href":"https:\/\/www.sdr.sk\/index.php\/wp-json\/wp\/v2\/types\/page"}],"author":[{"embeddable":true,"href":"https:\/\/www.sdr.sk\/index.php\/wp-json\/wp\/v2\/users\/1"}],"replies":[{"embeddable":true,"href":"https:\/\/www.sdr.sk\/index.php\/wp-json\/wp\/v2\/comments?post=296"}],"version-history":[{"count":3,"href":"https:\/\/www.sdr.sk\/index.php\/wp-json\/wp\/v2\/pages\/296\/revisions"}],"predecessor-version":[{"id":304,"href":"https:\/\/www.sdr.sk\/index.php\/wp-json\/wp\/v2\/pages\/296\/revisions\/304"}],"wp:attachment":[{"href":"https:\/\/www.sdr.sk\/index.php\/wp-json\/wp\/v2\/media?parent=296"}],"curies":[{"name":"wp","href":"https:\/\/api.w.org\/{rel}","templated":true}]}}