{"id":16,"date":"2020-11-25T15:34:44","date_gmt":"2020-11-25T14:34:44","guid":{"rendered":"https:\/\/wp.sdr.sk\/?page_id=16"},"modified":"2020-12-10T14:17:33","modified_gmt":"2020-12-10T13:17:33","slug":"kontakty","status":"publish","type":"page","link":"https:\/\/www.sdr.sk\/index.php\/kontakty\/","title":{"rendered":"KONTAKT"},"content":{"rendered":"\t\t<div data-elementor-type=\"wp-page\" data-elementor-id=\"16\" class=\"elementor elementor-16\" data-elementor-settings=\"[]\">\n\t\t\t\t\t\t<div class=\"elementor-inner\">\n\t\t\t\t\t\t\t<div class=\"elementor-section-wrap\">\n\t\t\t\t\t\t\t<section class=\"elementor-section elementor-top-section elementor-element elementor-element-3592d65 elementor-section-boxed elementor-section-height-default elementor-section-height-default\" data-id=\"3592d65\" data-element_type=\"section\">\n\t\t\t\t\t\t<div class=\"elementor-container elementor-column-gap-default\">\n\t\t\t\t\t\t\t<div class=\"elementor-row\">\n\t\t\t\t\t<div class=\"elementor-column elementor-col-50 elementor-top-column elementor-element elementor-element-3ae9eec\" data-id=\"3ae9eec\" data-element_type=\"column\">\n\t\t\t<div class=\"elementor-column-wrap elementor-element-populated\">\n\t\t\t\t\t\t\t<div class=\"elementor-widget-wrap\">\n\t\t\t\t\t\t<div class=\"elementor-element elementor-element-21a271d elementor-widget elementor-widget-text-editor\" data-id=\"21a271d\" data-element_type=\"widget\" data-widget_type=\"text-editor.default\">\n\t\t\t\t<div class=\"elementor-widget-container\">\n\t\t\t\t\t<div class=\"elementor-text-editor elementor-clearfix\"><p style=\"font-weight: 400;\"><strong>Kongreg\u00e1cia sestier Bo\u017esk\u00e9ho Vykupite\u013ea, Slovensk\u00e1 provincia<\/strong><\/p><p style=\"font-weight: 400;\">Zimn\u00e1 201\/66<\/p><p style=\"font-weight: 400;\">052 01 Spi\u0161sk\u00e1 Nov\u00e1 Ves<\/p><p>\u00a0<\/p><p style=\"font-weight: 400;\">Telef\u00f3n: +421 53 44 11 934<\/p><p style=\"font-weight: 400;\">e-mail:\u00a0sdr.provincia@rehole.sk<\/p><p>\u00a0<\/p><p style=\"font-weight: 400;\">I\u010cO: 00586889<\/p><p style=\"font-weight: 400;\">IBAN: SK77 0200 0000 0000 3573 5592<\/p><\/div>\n\t\t\t\t<\/div>\n\t\t\t\t<\/div>\n\t\t\t\t\t\t<\/div>\n\t\t\t\t\t<\/div>\n\t\t<\/div>\n\t\t\t\t<div class=\"elementor-column elementor-col-50 elementor-top-column elementor-element elementor-element-f5e8d7f\" data-id=\"f5e8d7f\" data-element_type=\"column\">\n\t\t\t<div class=\"elementor-column-wrap elementor-element-populated\">\n\t\t\t\t\t\t\t<div class=\"elementor-widget-wrap\">\n\t\t\t\t\t\t<div class=\"elementor-element elementor-element-a4c284e elementor-widget elementor-widget-google_maps\" data-id=\"a4c284e\" data-element_type=\"widget\" data-widget_type=\"google_maps.default\">\n\t\t\t\t<div class=\"elementor-widget-container\">\n\t\t\t<div class=\"elementor-custom-embed\"><iframe frameborder=\"0\" scrolling=\"no\" marginheight=\"0\" marginwidth=\"0\" src=\"https:\/\/maps.google.com\/maps?q=Zimn%C3%A1%2066%2C%20Spi%C5%A1sk%C3%A1%20Nov%C3%A1%20Ves&amp;t=m&amp;z=16&amp;output=embed&amp;iwloc=near\" title=\"Zimn\u00e1 66, Spi\u0161sk\u00e1 Nov\u00e1 Ves\" aria-label=\"Zimn\u00e1 66, Spi\u0161sk\u00e1 Nov\u00e1 Ves\"><\/iframe><\/div>\t\t<\/div>\n\t\t\t\t<\/div>\n\t\t\t\t\t\t<\/div>\n\t\t\t\t\t<\/div>\n\t\t<\/div>\n\t\t\t\t\t\t\t\t<\/div>\n\t\t\t\t\t<\/div>\n\t\t<\/section>\n\t\t\t\t\t\t<\/div>\n\t\t\t\t\t\t<\/div>\n\t\t\t\t\t<\/div>\n\t\t","protected":false},"excerpt":{"rendered":"<p>Kongreg\u00e1cia sestier Bo\u017esk\u00e9ho Vykupite\u013ea, Slovensk\u00e1 provincia Zimn\u00e1 201\/66 052 01 Spi\u0161sk\u00e1 Nov\u00e1 Ves \u00a0 Telef\u00f3n: +421 53 44 11 934<a class=\"read-more\" href=\"https:\/\/www.sdr.sk\/index.php\/kontakty\/\"\/>\u010c\u00edta\u0165 \u010falej<\/a><\/p>\n","protected":false},"author":1,"featured_media":0,"parent":0,"menu_order":0,"comment_status":"closed","ping_status":"closed","template":"page-templates\/template_nosidebar.php","meta":[],"_links":{"self":[{"href":"https:\/\/www.sdr.sk\/index.php\/wp-json\/wp\/v2\/pages\/16"}],"collection":[{"href":"https:\/\/www.sdr.sk\/index.php\/wp-json\/wp\/v2\/pages"}],"about":[{"href":"https:\/\/www.sdr.sk\/index.php\/wp-json\/wp\/v2\/types\/page"}],"author":[{"embeddable":true,"href":"https:\/\/www.sdr.sk\/index.php\/wp-json\/wp\/v2\/users\/1"}],"replies":[{"embeddable":true,"href":"https:\/\/www.sdr.sk\/index.php\/wp-json\/wp\/v2\/comments?post=16"}],"version-history":[{"count":5,"href":"https:\/\/www.sdr.sk\/index.php\/wp-json\/wp\/v2\/pages\/16\/revisions"}],"predecessor-version":[{"id":318,"href":"https:\/\/www.sdr.sk\/index.php\/wp-json\/wp\/v2\/pages\/16\/revisions\/318"}],"wp:attachment":[{"href":"https:\/\/www.sdr.sk\/index.php\/wp-json\/wp\/v2\/media?parent=16"}],"curies":[{"name":"wp","href":"https:\/\/api.w.org\/{rel}","templated":true}]}}