{"id":154,"date":"2020-12-03T16:51:39","date_gmt":"2020-12-03T15:51:39","guid":{"rendered":"https:\/\/wp.sdr.sk\/?page_id=154"},"modified":"2020-12-11T13:57:07","modified_gmt":"2020-12-11T12:57:07","slug":"formular-modlitebnych-umyslov","status":"publish","type":"page","link":"https:\/\/www.sdr.sk\/index.php\/formular-modlitebnych-umyslov\/","title":{"rendered":"Formul\u00e1r modlitebn\u00fdch \u00famyslov"},"content":{"rendered":"\t\t<div data-elementor-type=\"wp-page\" data-elementor-id=\"154\" class=\"elementor elementor-154\" data-elementor-settings=\"[]\">\n\t\t\t\t\t\t<div class=\"elementor-inner\">\n\t\t\t\t\t\t\t<div class=\"elementor-section-wrap\">\n\t\t\t\t\t\t\t<section class=\"elementor-section elementor-top-section elementor-element elementor-element-ec28330 elementor-section-boxed elementor-section-height-default elementor-section-height-default\" data-id=\"ec28330\" data-element_type=\"section\">\n\t\t\t\t\t\t<div class=\"elementor-container elementor-column-gap-default\">\n\t\t\t\t\t\t\t<div class=\"elementor-row\">\n\t\t\t\t\t<div class=\"elementor-column elementor-col-100 elementor-top-column elementor-element elementor-element-3baf7a8\" data-id=\"3baf7a8\" data-element_type=\"column\">\n\t\t\t<div class=\"elementor-column-wrap elementor-element-populated\">\n\t\t\t\t\t\t\t<div class=\"elementor-widget-wrap\">\n\t\t\t\t\t\t<div class=\"elementor-element elementor-element-584cc35 elementor-widget elementor-widget-text-editor\" data-id=\"584cc35\" data-element_type=\"widget\" data-widget_type=\"text-editor.default\">\n\t\t\t\t<div class=\"elementor-widget-container\">\n\t\t\t\t\t<div class=\"elementor-text-editor elementor-clearfix\"><p style=\"text-align: center;\">Ke\u010f sa modl\u00ed\u0161 za druh\u00fdch, bude\u0161 naplnen\u00fd l\u00e1skou &#8211; teda Duchom Sv\u00e4t\u00fdm. Vtedy, ke\u010f Duch Sv\u00e4t\u00fd m\u00f4\u017ee cez teba pr\u00fadi\u0165, nap\u013a\u0148a aj teba!<br \/>Modli sa za t\u00fdch druh\u00fdch! Bu\u010f l\u00e1skou! Spolo\u010dne budeme prosi\u0165 aj za Teba a na Tvoj \u00famysel.<br \/>Ak chce\u0161 prida\u0165 svoj \u00famysel medzi na\u0161e modlitby, vypl\u0148 nasleduj\u00faci formul\u00e1r.<\/p><\/div>\n\t\t\t\t<\/div>\n\t\t\t\t<\/div>\n\t\t\t\t\t\t<\/div>\n\t\t\t\t\t<\/div>\n\t\t<\/div>\n\t\t\t\t\t\t\t\t<\/div>\n\t\t\t\t\t<\/div>\n\t\t<\/section>\n\t\t\t\t<section class=\"elementor-section elementor-top-section elementor-element elementor-element-be4d690 elementor-section-boxed elementor-section-height-default elementor-section-height-default\" data-id=\"be4d690\" data-element_type=\"section\">\n\t\t\t\t\t\t<div class=\"elementor-container elementor-column-gap-default\">\n\t\t\t\t\t\t\t<div class=\"elementor-row\">\n\t\t\t\t\t<div class=\"elementor-column elementor-col-50 elementor-top-column elementor-element elementor-element-af3176f\" data-id=\"af3176f\" data-element_type=\"column\">\n\t\t\t<div class=\"elementor-column-wrap elementor-element-populated\">\n\t\t\t\t\t\t\t<div class=\"elementor-widget-wrap\">\n\t\t\t\t\t\t<div class=\"elementor-element elementor-element-80d0f25 elementor-widget elementor-widget-image\" data-id=\"80d0f25\" data-element_type=\"widget\" data-widget_type=\"image.default\">\n\t\t\t\t<div class=\"elementor-widget-container\">\n\t\t\t\t\t<div class=\"elementor-image\">\n\t\t\t\t\t\t\t\t\t\t<img src=\"https:\/\/www.sdr.sk\/wp-content\/uploads\/2020\/12\/praying-01.jpg\" title=\"praying-01\" alt=\"praying-01\" \/>\t\t\t\t\t\t\t\t\t\t\t<\/div>\n\t\t\t\t<\/div>\n\t\t\t\t<\/div>\n\t\t\t\t\t\t<\/div>\n\t\t\t\t\t<\/div>\n\t\t<\/div>\n\t\t\t\t<div class=\"elementor-column elementor-col-50 elementor-top-column elementor-element elementor-element-2b15fcc\" data-id=\"2b15fcc\" data-element_type=\"column\">\n\t\t\t<div class=\"elementor-column-wrap elementor-element-populated\">\n\t\t\t\t\t\t\t<div class=\"elementor-widget-wrap\">\n\t\t\t\t\t\t<div class=\"elementor-element elementor-element-feab62d elementor-widget elementor-widget-wp-widget-vscf-widget\" data-id=\"feab62d\" data-element_type=\"widget\" data-widget_type=\"wp-widget-vscf-widget.default\">\n\t\t\t\t<div class=\"elementor-widget-container\">\n\t\t\t<form id=\"vscf\" class=\"vscf-container\" method=\"post\">\r\n\t<div class=\"form-group vscf-name-group\">\r\n\t\t<label for=\"vscf_name\">Meno: <span class=\"vscf-hide\" >Pros\u00edm zadajte aspo\u0148 2 znaky<\/span><\/label>\r\n\t\t<input type=\"text\" name=\"vscf_name\" id=\"vscf_name\"  class=\"form-control\" value=\"\" aria-required=\"true\" \/>\r\n\t<\/div>\r\n\t<div class=\"form-group vscf-email-group\">\r\n\t\t<label for=\"vscf_email\">E-mail: <span class=\"vscf-hide\" >Pros\u00edm zadajte platn\u00fd e-mail<\/span><\/label>\r\n\t\t<input type=\"email\" name=\"vscf_email\" id=\"vscf_email\"  class=\"form-control\" value=\"\" aria-required=\"true\" \/>\r\n\t<\/div>\r\n\t\r\n\t<div class=\"form-group vscf-captcha-group\">\r\n\t\t\r\n\t\t\t<label for=\"vscf_captcha\">Vlo\u017ete \u010d\u00edslo 895: <span class=\"vscf-hide\" >Pros\u00edm zadajte spr\u00e1vne \u010d\u00edslo<\/span><\/label>\r\n\t\t\r\n\t\t<input type=\"text\" name=\"vscf_captcha\" id=\"vscf_captcha\"  class=\"form-control\" value=\"\" aria-required=\"true\" \/>\r\n\t\t\r\n\t\t\t<input type=\"hidden\" name=\"vscf_captcha_hidden_one\" id=\"vscf_captcha_hidden_one\" value=\"895\" \/>\r\n\t\t\t<input type=\"hidden\" name=\"vscf_captcha_hidden_two\" id=\"vscf_captcha_hidden_two\" value=\"0\" \/>\r\n\t\t\r\n\t<\/div>\r\n\t<div class=\"form-group vscf-hide\">\r\n\t\t<input type=\"text\" name=\"vscf_firstname\" id=\"vscf_firstname\" class=\"form-control\" value=\"\" \/>\r\n\t<\/div>\r\n\t<div class=\"form-group vscf-hide\">\r\n\t\t<input type=\"text\" name=\"vscf_lastname\" id=\"vscf_lastname\" class=\"form-control\" value=\"\" \/>\r\n\t<\/div>\r\n\t<div class=\"form-group vscf-message-group\">\r\n\t\t<label for=\"vscf_message\">Modlitebn\u00fd \u00famysel: <span class=\"vscf-hide\" >Pros\u00edm zadajte aspo\u0148 10 znakov<\/span><\/label>\r\n\t\t<textarea name=\"vscf_message\" id=\"vscf_message\" rows=\"10\"  class=\"form-control\" aria-required=\"true\"><\/textarea>\r\n\t<\/div>\r\n\t\r\n\t<div class=\"form-group vscf-hide\">\r\n\t\t<input type=\"hidden\" id=\"vscf_widget_nonce\" name=\"vscf_widget_nonce\" value=\"b42613cd77\" \/><input type=\"hidden\" name=\"_wp_http_referer\" value=\"\/index.php\/wp-json\/wp\/v2\/pages\/154\" \/>\r\n\t<\/div>\r\n\t<div class=\"form-group vscf-submit-group\">\r\n\t\t<button type=\"submit\" name=\"vscf_widget_send\" id=\"vscf_widget_send\" class=\"btn btn-primary\">Odosla\u0165<\/button>\r\n\t<\/div>\r\n<\/form>\t\t<\/div>\n\t\t\t\t<\/div>\n\t\t\t\t\t\t<\/div>\n\t\t\t\t\t<\/div>\n\t\t<\/div>\n\t\t\t\t\t\t\t\t<\/div>\n\t\t\t\t\t<\/div>\n\t\t<\/section>\n\t\t\t\t\t\t<\/div>\n\t\t\t\t\t\t<\/div>\n\t\t\t\t\t<\/div>\n\t\t","protected":false},"excerpt":{"rendered":"<p>Ke\u010f sa modl\u00ed\u0161 za druh\u00fdch, bude\u0161 naplnen\u00fd l\u00e1skou &#8211; teda Duchom Sv\u00e4t\u00fdm. Vtedy, ke\u010f Duch Sv\u00e4t\u00fd m\u00f4\u017ee cez teba pr\u00fadi\u0165,<a class=\"read-more\" href=\"https:\/\/www.sdr.sk\/index.php\/formular-modlitebnych-umyslov\/\"\/>\u010c\u00edta\u0165 \u010falej<\/a><\/p>\n","protected":false},"author":1,"featured_media":0,"parent":0,"menu_order":0,"comment_status":"closed","ping_status":"closed","template":"page-templates\/template_nosidebar.php","meta":[],"_links":{"self":[{"href":"https:\/\/www.sdr.sk\/index.php\/wp-json\/wp\/v2\/pages\/154"}],"collection":[{"href":"https:\/\/www.sdr.sk\/index.php\/wp-json\/wp\/v2\/pages"}],"about":[{"href":"https:\/\/www.sdr.sk\/index.php\/wp-json\/wp\/v2\/types\/page"}],"author":[{"embeddable":true,"href":"https:\/\/www.sdr.sk\/index.php\/wp-json\/wp\/v2\/users\/1"}],"replies":[{"embeddable":true,"href":"https:\/\/www.sdr.sk\/index.php\/wp-json\/wp\/v2\/comments?post=154"}],"version-history":[{"count":13,"href":"https:\/\/www.sdr.sk\/index.php\/wp-json\/wp\/v2\/pages\/154\/revisions"}],"predecessor-version":[{"id":365,"href":"https:\/\/www.sdr.sk\/index.php\/wp-json\/wp\/v2\/pages\/154\/revisions\/365"}],"wp:attachment":[{"href":"https:\/\/www.sdr.sk\/index.php\/wp-json\/wp\/v2\/media?parent=154"}],"curies":[{"name":"wp","href":"https:\/\/api.w.org\/{rel}","templated":true}]}}